{"id":2809,"date":"2025-10-31T17:38:24","date_gmt":"2025-10-31T17:38:24","guid":{"rendered":"https:\/\/thelighthouse-lephare.ca\/paul\/"},"modified":"2026-02-17T21:05:53","modified_gmt":"2026-02-17T21:05:53","slug":"paul","status":"publish","type":"page","link":"https:\/\/thelighthouse-lephare.ca\/fr\/paul\/","title":{"rendered":"Paul"},"content":{"rendered":"<div class=\"fusion-fullwidth fullwidth-box fusion-builder-row-1 fusion-flex-container has-pattern-background has-mask-background nonhundred-percent-fullwidth non-hundred-percent-height-scrolling gradient-container-1\" style=\"--awb-border-radius-top-left:0px;--awb-border-radius-top-right:0px;--awb-border-radius-bottom-right:0px;--awb-border-radius-bottom-left:0px;--awb-padding-top:80px;--awb-padding-bottom:80px;--awb-background-color:var(--awb-color2);--awb-flex-wrap:wrap;\" ><div class=\"fusion-builder-row fusion-row fusion-flex-align-items-flex-start fusion-flex-justify-content-center fusion-flex-content-wrap\" style=\"max-width:1248px;margin-left: calc(-4% \/ 2 );margin-right: calc(-4% \/ 2 );\"><div class=\"fusion-layout-column fusion_builder_column fusion-builder-column-0 awb-sticky awb-sticky-large fusion_builder_column_1_2 1_2 fusion-flex-column\" style=\"--awb-bg-size:cover;--awb-width-large:50%;--awb-margin-top-large:0px;--awb-spacing-right-large:3.84%;--awb-margin-bottom-large:20px;--awb-spacing-left-large:3.84%;--awb-width-medium:50%;--awb-order-medium:0;--awb-spacing-right-medium:3.84%;--awb-spacing-left-medium:3.84%;--awb-width-small:100%;--awb-order-small:0;--awb-spacing-right-small:1.92%;--awb-spacing-left-small:1.92%;\" data-scroll-devices=\"small-visibility,medium-visibility,large-visibility\"><div class=\"fusion-column-wrapper fusion-column-has-shadow fusion-flex-justify-content-flex-start fusion-content-layout-column\"><div class=\"fusion-image-element \" style=\"--awb-caption-title-font-family:var(--h2_typography-font-family);--awb-caption-title-font-weight:var(--h2_typography-font-weight);--awb-caption-title-font-style:var(--h2_typography-font-style);--awb-caption-title-size:var(--h2_typography-font-size);--awb-caption-title-transform:var(--h2_typography-text-transform);--awb-caption-title-line-height:var(--h2_typography-line-height);--awb-caption-title-letter-spacing:var(--h2_typography-letter-spacing);\"><span class=\" fusion-imageframe imageframe-none imageframe-1 hover-type-none\"><img decoding=\"async\" width=\"1704\" height=\"2560\" src=\"https:\/\/thelighthouse-lephare.ca\/wp-content\/uploads\/2025\/12\/Lighthouse-7751-Edit-2-scaled.jpg\" alt class=\"img-responsive wp-image-2864\" srcset=\"https:\/\/thelighthouse-lephare.ca\/wp-content\/uploads\/2025\/12\/Lighthouse-7751-Edit-2-200x301.jpg 200w, https:\/\/thelighthouse-lephare.ca\/wp-content\/uploads\/2025\/12\/Lighthouse-7751-Edit-2-400x601.jpg 400w, https:\/\/thelighthouse-lephare.ca\/wp-content\/uploads\/2025\/12\/Lighthouse-7751-Edit-2-600x902.jpg 600w, https:\/\/thelighthouse-lephare.ca\/wp-content\/uploads\/2025\/12\/Lighthouse-7751-Edit-2-800x1202.jpg 800w, https:\/\/thelighthouse-lephare.ca\/wp-content\/uploads\/2025\/12\/Lighthouse-7751-Edit-2-1200x1803.jpg 1200w, https:\/\/thelighthouse-lephare.ca\/wp-content\/uploads\/2025\/12\/Lighthouse-7751-Edit-2-scaled.jpg 1704w\" sizes=\"(max-width: 640px) 100vw, 600px\" \/><\/span><\/div><\/div><\/div><div class=\"fusion-layout-column fusion_builder_column fusion-builder-column-1 fusion_builder_column_1_2 1_2 fusion-flex-column\" style=\"--awb-bg-size:cover;--awb-width-large:50%;--awb-margin-top-large:0px;--awb-spacing-right-large:3.84%;--awb-margin-bottom-large:20px;--awb-spacing-left-large:3.84%;--awb-width-medium:50%;--awb-order-medium:0;--awb-spacing-right-medium:3.84%;--awb-spacing-left-medium:3.84%;--awb-width-small:100%;--awb-order-small:0;--awb-spacing-right-small:1.92%;--awb-spacing-left-small:1.92%;\"><div class=\"fusion-column-wrapper fusion-column-has-shadow fusion-flex-justify-content-flex-start fusion-content-layout-column\"><div class=\"fusion-title title fusion-title-1 fusion-sep-none fusion-title-text fusion-title-size-two\" style=\"--awb-margin-top-small:10px;--awb-margin-right-small:0px;--awb-margin-bottom-small:10px;--awb-margin-left-small:0px;\"><h2 class=\"fusion-title-heading title-heading-left\" style=\"margin:0;\">Paul Gemmell, MACP<\/h2><\/div><div class=\"fusion-title title fusion-title-2 fusion-sep-none fusion-title-text fusion-title-size-six\" style=\"--awb-margin-top-small:10px;--awb-margin-right-small:0px;--awb-margin-bottom-small:10px;--awb-margin-left-small:0px;\"><h6 class=\"fusion-title-heading title-heading-left\" style=\"margin:0;\">Psychoth\u00e9rapeute agr\u00e9\u00e9<\/h6><\/div><div class=\"elegant-dual-button elegant-align-left\"><div class=\"elegant-dual-button-first\"><div ><a class=\"fusion-button button-flat fusion-button-default-size button-default fusion-button-default button-1 fusion-button-default-span fusion-button-default-type\" target=\"_self\" href=\"mailto:paul.gemmell@thelighthouse-lephare.ca\"><span class=\"fusion-button-text awb-button__text awb-button__text--default\">Email Me<\/span><\/a><\/div><div class=\"elegant-dual-button-separator elegant-separator-type-string\" style=\"background-color:#ffffff;color:var(--awb-color4);font-family: &#039;Open Sans&#039; ;font-weight: 400;\"><span class=\"elegant-dual-button-separator-text\">OR<\/span><\/div><\/div><div class=\"elegant-dual-button-last\"><div ><a class=\"fusion-button button-flat fusion-button-default-size button-default fusion-button-default button-2 fusion-button-default-span fusion-button-default-type\" target=\"_self\" href=\"tel:6132580880\"><span class=\"fusion-button-text awb-button__text awb-button__text--default\">Call 613-258-0880<\/span><\/a><\/div><\/div><\/div><div class=\"fusion-separator fusion-full-width-sep\" style=\"align-self: center;margin-left: auto;margin-right: auto;margin-top:30px;width:100%;\"><\/div><div class=\"fusion-separator fusion-full-width-sep\" style=\"align-self: center;margin-left: auto;margin-right: auto;margin-top:30px;width:100%;\"><\/div><div class=\"fusion-text fusion-text-1\"><p>Mon principal domaine de pratique, sur lequel mon travail est ancr\u00e9, est l&rsquo;exploration des relations, \u00e0 la fois avec les autres et avec nous-m\u00eames. En d\u00e9veloppant la conscience de soi, nous pouvons relever les d\u00e9fis de la vie avec plus de clart\u00e9, ce qui peut parfois signifier explorer des choix de vie difficiles. Trouver notre centre et notre boussole de vie peut nous aider \u00e0 g\u00e9rer l&rsquo;anxi\u00e9t\u00e9, les interactions interpersonnelles et \u00e0 vivre notre vie dans le bien-\u00eatre en g\u00e9n\u00e9ral.<\/p>\n<p>Mon objectif est de vous aider \u00e0 surmonter les temp\u00eates de la vie et \u00e0 prendre (ou garder) le cap sur vos objectifs. Outre les relations, je peux vous aider \u00e0 explorer les \u00e9tapes de la vie, les angoisses de la vie, les questions masculines, la sensibilisation et les questions culturelles, ainsi que la communication interpersonnelle. Je m&rsquo;inspire de la sagesse des quatre coins du monde et l&rsquo;incorpore dans une approche fond\u00e9e sur des donn\u00e9es probantes, d&rsquo;une mani\u00e8re terre \u00e0 terre. J&rsquo;utilise principalement une approche de th\u00e9rapie narrative, o\u00f9 nous apprenons \u00e0 travers nos histoires, et une approche humaniste, qui soutiennent l&rsquo;id\u00e9e que nous devons faire des choix dans la vie et en \u00eatre responsables, ainsi que nous efforcer d&rsquo;\u00eatre le meilleur \u00ab\u00a0soi\u00a0\u00bb que nous puissions \u00eatre. Je suis une praticienne certifi\u00e9e du MBTI (connaissance de soi) et j&rsquo;ai un grand respect pour les modalit\u00e9s de la TCC (qui consiste \u00e0 r\u00e9duire les pens\u00e9es n\u00e9gatives intrusives dans notre cerveau) lorsque la situation d&rsquo;un client n\u00e9cessite une telle intervention.    <\/p>\n<p>J&rsquo;ai pass\u00e9 la majeure partie de ma vie entre Montr\u00e9al, Toronto et Ottawa. J&rsquo;aime toutes les saisons et, en 2025, vous m&rsquo;auriez peut-\u00eatre trouv\u00e9e en train de patiner sur le canal, profitant ainsi de l&rsquo;ambiance unique d&rsquo;Ottawa. J&rsquo;aime vivre dans le bien-\u00eatre, d\u00e9velopper un sens aigu de la conscience de soi et apprendre \u00e0 se d\u00e9tendre chaque fois que c&rsquo;est n\u00e9cessaire pour mieux \u00e9quilibrer la vie et ce qu&rsquo;elle nous r\u00e9serve. C&rsquo;est en partie la base \u00e0 partir de laquelle j&rsquo;effectue la majeure partie de mon travail en tant que psychoth\u00e9rapeute agr\u00e9\u00e9e : se rapprocher le plus possible de la vie que l&rsquo;on souhaite dans le contexte des circonstances dans lesquelles on se trouve.   <\/p>\n<p>J&rsquo;ai termin\u00e9 mes \u00e9tudes de premier cycle en psychologie \u00e0 l&rsquo;Universit\u00e9 d&rsquo;Ottawa et \u00e0 l&rsquo;Universit\u00e9 Carleton, et je suis maintenant psychoth\u00e9rapeute agr\u00e9\u00e9e et titulaire d&rsquo;une ma\u00eetrise en psychologie du counselling (MACP) de l&rsquo;Universit\u00e9 Yorkville.<\/p>\n<\/div><\/div><\/div><\/div><\/div>\n","protected":false},"excerpt":{"rendered":"","protected":false},"author":2,"featured_media":0,"parent":0,"menu_order":0,"comment_status":"closed","ping_status":"closed","template":"100-width.php","meta":{"footnotes":""},"class_list":["post-2809","page","type-page","status-publish","hentry"],"yoast_head":"<!-- This site is optimized with the Yoast SEO plugin v27.4 - https:\/\/yoast.com\/product\/yoast-seo-wordpress\/ -->\n<title>Paul Gemmell %sep%%The Lighthouse.<\/title>\n<meta name=\"description\" content=\"Mon principal domaine de pratique, sur lequel mon travail est ancr\u00e9, est l&#039;exploration des relations, \u00e0 la fois avec les autres et avec nous-m\u00eames.\" \/>\n<meta name=\"robots\" content=\"index, follow, max-snippet:-1, max-image-preview:large, max-video-preview:-1\" \/>\n<link rel=\"canonical\" href=\"https:\/\/thelighthouse-lephare.ca\/fr\/paul\/\" \/>\n<meta property=\"og:locale\" content=\"fr_FR\" \/>\n<meta property=\"og:type\" content=\"article\" \/>\n<meta property=\"og:title\" content=\"Paul Gemmell %sep%%The Lighthouse.\" \/>\n<meta property=\"og:description\" content=\"Mon principal domaine de pratique, sur lequel mon travail est ancr\u00e9, est l&#039;exploration des relations, \u00e0 la fois avec les autres et avec nous-m\u00eames.\" \/>\n<meta property=\"og:url\" content=\"https:\/\/thelighthouse-lephare.ca\/fr\/paul\/\" \/>\n<meta property=\"og:site_name\" content=\"The Lighthouse\" \/>\n<meta property=\"article:publisher\" content=\"https:\/\/www.facebook.com\/thelighthouse.lephare\" \/>\n<meta property=\"article:modified_time\" content=\"2026-02-17T21:05:53+00:00\" \/>\n<meta property=\"og:image\" content=\"https:\/\/thelighthouse-lephare.ca\/wp-content\/uploads\/2024\/01\/Natalie-1638-scaled.jpg\" \/>\n\t<meta property=\"og:image:width\" content=\"2560\" \/>\n\t<meta property=\"og:image:height\" content=\"1704\" \/>\n\t<meta property=\"og:image:type\" content=\"image\/jpeg\" \/>\n<meta name=\"twitter:card\" content=\"summary_large_image\" \/>\n<meta name=\"twitter:label1\" content=\"Dur\u00e9e de lecture estim\u00e9e\" \/>\n\t<meta name=\"twitter:data1\" content=\"11 minutes\" \/>\n<script type=\"application\/ld+json\" class=\"yoast-schema-graph\">{\"@context\":\"https:\\\/\\\/schema.org\",\"@graph\":[{\"@type\":\"WebPage\",\"@id\":\"https:\\\/\\\/thelighthouse-lephare.ca\\\/fr\\\/paul\\\/\",\"url\":\"https:\\\/\\\/thelighthouse-lephare.ca\\\/fr\\\/paul\\\/\",\"name\":\"Paul Gemmell %sep%%The Lighthouse.\",\"isPartOf\":{\"@id\":\"https:\\\/\\\/thelighthouse-lephare.ca\\\/#website\"},\"datePublished\":\"2025-10-31T17:38:24+00:00\",\"dateModified\":\"2026-02-17T21:05:53+00:00\",\"description\":\"Mon principal domaine de pratique, sur lequel mon travail est ancr\u00e9, est l'exploration des relations, \u00e0 la fois avec les autres et avec nous-m\u00eames.\",\"breadcrumb\":{\"@id\":\"https:\\\/\\\/thelighthouse-lephare.ca\\\/fr\\\/paul\\\/#breadcrumb\"},\"inLanguage\":\"fr-FR\",\"potentialAction\":[{\"@type\":\"ReadAction\",\"target\":[\"https:\\\/\\\/thelighthouse-lephare.ca\\\/fr\\\/paul\\\/\"]}]},{\"@type\":\"BreadcrumbList\",\"@id\":\"https:\\\/\\\/thelighthouse-lephare.ca\\\/fr\\\/paul\\\/#breadcrumb\",\"itemListElement\":[{\"@type\":\"ListItem\",\"position\":1,\"name\":\"Home\",\"item\":\"https:\\\/\\\/thelighthouse-lephare.ca\\\/fr\\\/accueil\\\/\"},{\"@type\":\"ListItem\",\"position\":2,\"name\":\"Paul\"}]},{\"@type\":\"WebSite\",\"@id\":\"https:\\\/\\\/thelighthouse-lephare.ca\\\/#website\",\"url\":\"https:\\\/\\\/thelighthouse-lephare.ca\\\/\",\"name\":\"The Lighthouse-Lephare\",\"description\":\"Counselling and Psychotherapy\",\"publisher\":{\"@id\":\"https:\\\/\\\/thelighthouse-lephare.ca\\\/#organization\"},\"potentialAction\":[{\"@type\":\"SearchAction\",\"target\":{\"@type\":\"EntryPoint\",\"urlTemplate\":\"https:\\\/\\\/thelighthouse-lephare.ca\\\/?s={search_term_string}\"},\"query-input\":{\"@type\":\"PropertyValueSpecification\",\"valueRequired\":true,\"valueName\":\"search_term_string\"}}],\"inLanguage\":\"fr-FR\"},{\"@type\":\"Organization\",\"@id\":\"https:\\\/\\\/thelighthouse-lephare.ca\\\/#organization\",\"name\":\"The Lighthouse-Lephare Counselling and Psychotherapy\",\"alternateName\":\"The Lighthouse-Lephare\",\"url\":\"https:\\\/\\\/thelighthouse-lephare.ca\\\/\",\"logo\":{\"@type\":\"ImageObject\",\"inLanguage\":\"fr-FR\",\"@id\":\"https:\\\/\\\/thelighthouse-lephare.ca\\\/#\\\/schema\\\/logo\\\/image\\\/\",\"url\":\"https:\\\/\\\/thelighthouse-lephare.ca\\\/wp-content\\\/uploads\\\/2024\\\/01\\\/thelighthouse.jpg\",\"contentUrl\":\"https:\\\/\\\/thelighthouse-lephare.ca\\\/wp-content\\\/uploads\\\/2024\\\/01\\\/thelighthouse.jpg\",\"width\":1200,\"height\":799,\"caption\":\"The Lighthouse-Lephare Counselling and Psychotherapy\"},\"image\":{\"@id\":\"https:\\\/\\\/thelighthouse-lephare.ca\\\/#\\\/schema\\\/logo\\\/image\\\/\"},\"sameAs\":[\"https:\\\/\\\/www.facebook.com\\\/thelighthouse.lephare\",\"https:\\\/\\\/www.instagram.com\\\/thelighthouselephare\\\/\"]}]}<\/script>\n<!-- \/ Yoast SEO plugin. -->","yoast_head_json":{"title":"Paul Gemmell %sep%%The Lighthouse.","description":"Mon principal domaine de pratique, sur lequel mon travail est ancr\u00e9, est l'exploration des relations, \u00e0 la fois avec les autres et avec nous-m\u00eames.","robots":{"index":"index","follow":"follow","max-snippet":"max-snippet:-1","max-image-preview":"max-image-preview:large","max-video-preview":"max-video-preview:-1"},"canonical":"https:\/\/thelighthouse-lephare.ca\/fr\/paul\/","og_locale":"fr_FR","og_type":"article","og_title":"Paul Gemmell %sep%%The Lighthouse.","og_description":"Mon principal domaine de pratique, sur lequel mon travail est ancr\u00e9, est l'exploration des relations, \u00e0 la fois avec les autres et avec nous-m\u00eames.","og_url":"https:\/\/thelighthouse-lephare.ca\/fr\/paul\/","og_site_name":"The Lighthouse","article_publisher":"https:\/\/www.facebook.com\/thelighthouse.lephare","article_modified_time":"2026-02-17T21:05:53+00:00","og_image":[{"width":2560,"height":1704,"url":"https:\/\/thelighthouse-lephare.ca\/wp-content\/uploads\/2024\/01\/Natalie-1638-scaled.jpg","type":"image\/jpeg"}],"twitter_card":"summary_large_image","twitter_misc":{"Dur\u00e9e de lecture estim\u00e9e":"11 minutes"},"schema":{"@context":"https:\/\/schema.org","@graph":[{"@type":"WebPage","@id":"https:\/\/thelighthouse-lephare.ca\/fr\/paul\/","url":"https:\/\/thelighthouse-lephare.ca\/fr\/paul\/","name":"Paul Gemmell %sep%%The Lighthouse.","isPartOf":{"@id":"https:\/\/thelighthouse-lephare.ca\/#website"},"datePublished":"2025-10-31T17:38:24+00:00","dateModified":"2026-02-17T21:05:53+00:00","description":"Mon principal domaine de pratique, sur lequel mon travail est ancr\u00e9, est l'exploration des relations, \u00e0 la fois avec les autres et avec nous-m\u00eames.","breadcrumb":{"@id":"https:\/\/thelighthouse-lephare.ca\/fr\/paul\/#breadcrumb"},"inLanguage":"fr-FR","potentialAction":[{"@type":"ReadAction","target":["https:\/\/thelighthouse-lephare.ca\/fr\/paul\/"]}]},{"@type":"BreadcrumbList","@id":"https:\/\/thelighthouse-lephare.ca\/fr\/paul\/#breadcrumb","itemListElement":[{"@type":"ListItem","position":1,"name":"Home","item":"https:\/\/thelighthouse-lephare.ca\/fr\/accueil\/"},{"@type":"ListItem","position":2,"name":"Paul"}]},{"@type":"WebSite","@id":"https:\/\/thelighthouse-lephare.ca\/#website","url":"https:\/\/thelighthouse-lephare.ca\/","name":"The Lighthouse-Lephare","description":"Counselling and Psychotherapy","publisher":{"@id":"https:\/\/thelighthouse-lephare.ca\/#organization"},"potentialAction":[{"@type":"SearchAction","target":{"@type":"EntryPoint","urlTemplate":"https:\/\/thelighthouse-lephare.ca\/?s={search_term_string}"},"query-input":{"@type":"PropertyValueSpecification","valueRequired":true,"valueName":"search_term_string"}}],"inLanguage":"fr-FR"},{"@type":"Organization","@id":"https:\/\/thelighthouse-lephare.ca\/#organization","name":"The Lighthouse-Lephare Counselling and Psychotherapy","alternateName":"The Lighthouse-Lephare","url":"https:\/\/thelighthouse-lephare.ca\/","logo":{"@type":"ImageObject","inLanguage":"fr-FR","@id":"https:\/\/thelighthouse-lephare.ca\/#\/schema\/logo\/image\/","url":"https:\/\/thelighthouse-lephare.ca\/wp-content\/uploads\/2024\/01\/thelighthouse.jpg","contentUrl":"https:\/\/thelighthouse-lephare.ca\/wp-content\/uploads\/2024\/01\/thelighthouse.jpg","width":1200,"height":799,"caption":"The Lighthouse-Lephare Counselling and Psychotherapy"},"image":{"@id":"https:\/\/thelighthouse-lephare.ca\/#\/schema\/logo\/image\/"},"sameAs":["https:\/\/www.facebook.com\/thelighthouse.lephare","https:\/\/www.instagram.com\/thelighthouselephare\/"]}]}},"_links":{"self":[{"href":"https:\/\/thelighthouse-lephare.ca\/fr\/wp-json\/wp\/v2\/pages\/2809","targetHints":{"allow":["GET"]}}],"collection":[{"href":"https:\/\/thelighthouse-lephare.ca\/fr\/wp-json\/wp\/v2\/pages"}],"about":[{"href":"https:\/\/thelighthouse-lephare.ca\/fr\/wp-json\/wp\/v2\/types\/page"}],"author":[{"embeddable":true,"href":"https:\/\/thelighthouse-lephare.ca\/fr\/wp-json\/wp\/v2\/users\/2"}],"replies":[{"embeddable":true,"href":"https:\/\/thelighthouse-lephare.ca\/fr\/wp-json\/wp\/v2\/comments?post=2809"}],"version-history":[{"count":12,"href":"https:\/\/thelighthouse-lephare.ca\/fr\/wp-json\/wp\/v2\/pages\/2809\/revisions"}],"predecessor-version":[{"id":2974,"href":"https:\/\/thelighthouse-lephare.ca\/fr\/wp-json\/wp\/v2\/pages\/2809\/revisions\/2974"}],"wp:attachment":[{"href":"https:\/\/thelighthouse-lephare.ca\/fr\/wp-json\/wp\/v2\/media?parent=2809"}],"curies":[{"name":"wp","href":"https:\/\/api.w.org\/{rel}","templated":true}]}}