{"id":2552,"date":"2024-12-18T21:00:02","date_gmt":"2024-12-18T21:00:02","guid":{"rendered":"https:\/\/thelighthouse-lephare.ca\/monique-shaw\/"},"modified":"2025-08-28T13:00:41","modified_gmt":"2025-08-28T13:00:41","slug":"monique-shaw","status":"publish","type":"page","link":"https:\/\/thelighthouse-lephare.ca\/fr\/monique-shaw\/","title":{"rendered":"Monique Shaw"},"content":{"rendered":"<div class=\"fusion-fullwidth fullwidth-box fusion-builder-row-1 fusion-flex-container has-pattern-background has-mask-background nonhundred-percent-fullwidth non-hundred-percent-height-scrolling gradient-container-1\" style=\"--awb-border-radius-top-left:0px;--awb-border-radius-top-right:0px;--awb-border-radius-bottom-right:0px;--awb-border-radius-bottom-left:0px;--awb-padding-top:80px;--awb-padding-bottom:80px;--awb-background-color:var(--awb-color2);--awb-flex-wrap:wrap;\" ><div class=\"fusion-builder-row fusion-row fusion-flex-align-items-flex-start fusion-flex-justify-content-center fusion-flex-content-wrap\" style=\"max-width:1248px;margin-left: calc(-4% \/ 2 );margin-right: calc(-4% \/ 2 );\"><div class=\"fusion-layout-column fusion_builder_column fusion-builder-column-0 awb-sticky awb-sticky-large fusion_builder_column_1_2 1_2 fusion-flex-column\" style=\"--awb-bg-size:cover;--awb-width-large:50%;--awb-margin-top-large:0px;--awb-spacing-right-large:3.84%;--awb-margin-bottom-large:20px;--awb-spacing-left-large:3.84%;--awb-width-medium:50%;--awb-order-medium:0;--awb-spacing-right-medium:3.84%;--awb-spacing-left-medium:3.84%;--awb-width-small:100%;--awb-order-small:0;--awb-spacing-right-small:1.92%;--awb-spacing-left-small:1.92%;\" data-scroll-devices=\"small-visibility,medium-visibility,large-visibility\"><div class=\"fusion-column-wrapper fusion-column-has-shadow fusion-flex-justify-content-flex-start fusion-content-layout-column\"><div class=\"fusion-image-element \" style=\"--awb-caption-title-font-family:var(--h2_typography-font-family);--awb-caption-title-font-weight:var(--h2_typography-font-weight);--awb-caption-title-font-style:var(--h2_typography-font-style);--awb-caption-title-size:var(--h2_typography-font-size);--awb-caption-title-transform:var(--h2_typography-text-transform);--awb-caption-title-line-height:var(--h2_typography-line-height);--awb-caption-title-letter-spacing:var(--h2_typography-letter-spacing);\"><span class=\" fusion-imageframe imageframe-none imageframe-1 hover-type-none\"><img decoding=\"async\" width=\"540\" height=\"810\" title=\"monique\" src=\"https:\/\/thelighthouse-lephare.ca\/wp-content\/uploads\/2025\/01\/monique.jpg\" alt class=\"img-responsive wp-image-2770\" srcset=\"https:\/\/thelighthouse-lephare.ca\/wp-content\/uploads\/2025\/01\/monique-200x300.jpg 200w, https:\/\/thelighthouse-lephare.ca\/wp-content\/uploads\/2025\/01\/monique-400x600.jpg 400w, https:\/\/thelighthouse-lephare.ca\/wp-content\/uploads\/2025\/01\/monique.jpg 540w\" sizes=\"(max-width: 640px) 100vw, 540px\" \/><\/span><\/div><\/div><\/div><div class=\"fusion-layout-column fusion_builder_column fusion-builder-column-1 fusion_builder_column_1_2 1_2 fusion-flex-column\" style=\"--awb-bg-size:cover;--awb-width-large:50%;--awb-margin-top-large:0px;--awb-spacing-right-large:3.84%;--awb-margin-bottom-large:20px;--awb-spacing-left-large:3.84%;--awb-width-medium:50%;--awb-order-medium:0;--awb-spacing-right-medium:3.84%;--awb-spacing-left-medium:3.84%;--awb-width-small:100%;--awb-order-small:0;--awb-spacing-right-small:1.92%;--awb-spacing-left-small:1.92%;\"><div class=\"fusion-column-wrapper fusion-column-has-shadow fusion-flex-justify-content-flex-start fusion-content-layout-column\"><div class=\"fusion-title title fusion-title-1 fusion-sep-none fusion-title-text fusion-title-size-two\" style=\"--awb-margin-top-small:10px;--awb-margin-right-small:0px;--awb-margin-bottom-small:10px;--awb-margin-left-small:0px;\"><h2 class=\"fusion-title-heading title-heading-left\" style=\"margin:0;\">Monique Shaw, MA<\/h2><\/div><div class=\"fusion-title title fusion-title-2 fusion-sep-none fusion-title-text fusion-title-size-six\" style=\"--awb-margin-top-small:10px;--awb-margin-right-small:0px;--awb-margin-bottom-small:10px;--awb-margin-left-small:0px;\"><h6 class=\"fusion-title-heading title-heading-left\" style=\"margin:0;\">Psychoth\u00e9rapeute agr\u00e9\u00e9 (qualification)<\/h6><\/div><div class=\"elegant-dual-button elegant-align-left\"><div class=\"elegant-dual-button-first\"><div ><a class=\"fusion-button button-flat fusion-button-default-size button-default fusion-button-default button-1 fusion-button-default-span fusion-button-default-type\" target=\"_self\" href=\"mailto:monique.shaw@thelighthouse-lephare.ca\"><span class=\"fusion-button-text awb-button__text awb-button__text--default\">Email Me<\/span><\/a><\/div><div class=\"elegant-dual-button-separator elegant-separator-type-string\" style=\"background-color:#ffffff;color:var(--awb-color4);font-family: &#039;Open Sans&#039; ;font-weight: 400;\"><span class=\"elegant-dual-button-separator-text\">OR<\/span><\/div><\/div><div class=\"elegant-dual-button-last\"><div ><a class=\"fusion-button button-flat fusion-button-default-size button-default fusion-button-default button-2 fusion-button-default-span fusion-button-default-type\" target=\"_self\" href=\"tel:6132580880\"><span class=\"fusion-button-text awb-button__text awb-button__text--default\">Call 613-258-0880<\/span><\/a><\/div><\/div><\/div><div class=\"fusion-separator fusion-full-width-sep\" style=\"align-self: center;margin-left: auto;margin-right: auto;margin-top:30px;width:100%;\"><\/div><div class=\"fusion-text fusion-text-1\"><p>La th\u00e9rapie est comme une lumi\u00e8re qui \u00e9claire le chemin \u00e0 parcourir, offrant une clart\u00e9 et une nouvelle perspective. Mon objectif est de marcher \u00e0 vos c\u00f4t\u00e9s, de cr\u00e9er un espace o\u00f9 vous vous sentez vraiment vu et entendu, tout en vous guidant vers la compr\u00e9hension de vous-m\u00eame, de vos \u00e9motions et de vos relations. En utilisant des techniques fond\u00e9es sur des preuves, j&rsquo;aide mes clients \u00e0 relever les d\u00e9fis, \u00e0 d\u00e9couvrir les obstacles et \u00e0 d\u00e9velopper des sch\u00e9mas plus sains pour favoriser la gu\u00e9rison, la croissance et le renouveau.  <\/p>\n<p>Je suis psychoth\u00e9rapeute agr\u00e9\u00e9 (qualification) et membre de l&rsquo;Association canadienne de counseling et de psychoth\u00e9rapie (ACCP). Je suis titulaire d&rsquo;une ma\u00eetrise en counseling et spiritualit\u00e9 de l&rsquo;Universit\u00e9 Saint-Paul, avec une sp\u00e9cialisation en th\u00e9rapie de couple et de famille. Mon approche est centr\u00e9e sur le client, bas\u00e9e sur les forces et les traumatismes, et soutient les jeunes (14+), les jeunes adultes, les individus, les couples et les familles. <\/p>\n<p>Avec plus de 18 ans d&rsquo;exp\u00e9rience aupr\u00e8s de diverses populations en Asie du Sud-Est et au Canada, j&rsquo;apporte \u00e0 ma pratique une perspective holistique et sensible \u00e0 la culture. J&rsquo;int\u00e8gre des approches th\u00e9rapeutiques, notamment la th\u00e9rapie cognitivo-comportementale (TCC), les syst\u00e8mes familiaux internes (SFI) et la th\u00e9rapie somatique, ainsi que des techniques ax\u00e9es sur la recherche d&rsquo;un sens et d&rsquo;un objectif. <\/p>\n<p>Ma priorit\u00e9 est de cr\u00e9er un espace s\u00fbr et inclusif o\u00f9 les clients se sentent soutenus et habilit\u00e9s \u00e0 traverser les transitions de la vie, les d\u00e9fis relationnels et la croissance personnelle. Ensemble, nous travaillerons \u00e0 la gu\u00e9rison, au renouveau et \u00e0 la pl\u00e9nitude.<\/p>\n<\/div><\/div><\/div><\/div><\/div>\n","protected":false},"excerpt":{"rendered":"","protected":false},"author":2,"featured_media":0,"parent":0,"menu_order":0,"comment_status":"closed","ping_status":"closed","template":"100-width.php","meta":{"footnotes":""},"class_list":["post-2552","page","type-page","status-publish","hentry"],"yoast_head":"<!-- This site is optimized with the Yoast SEO plugin v27.4 - https:\/\/yoast.com\/product\/yoast-seo-wordpress\/ -->\n<title>Monique Shaw - The Lighthouse<\/title>\n<meta name=\"description\" content=\"Je suis psychoth\u00e9rapeute agr\u00e9\u00e9 (qualification) et membre de l&#039;Association canadienne de counseling et de psychoth\u00e9rapie (ACCP).\" \/>\n<meta name=\"robots\" content=\"index, follow, max-snippet:-1, max-image-preview:large, max-video-preview:-1\" \/>\n<link rel=\"canonical\" href=\"https:\/\/thelighthouse-lephare.ca\/fr\/monique-shaw\/\" \/>\n<meta property=\"og:locale\" content=\"fr_FR\" \/>\n<meta property=\"og:type\" content=\"article\" \/>\n<meta property=\"og:title\" content=\"Monique Shaw - The Lighthouse\" \/>\n<meta property=\"og:description\" content=\"Je suis psychoth\u00e9rapeute agr\u00e9\u00e9 (qualification) et membre de l&#039;Association canadienne de counseling et de psychoth\u00e9rapie (ACCP).\" \/>\n<meta property=\"og:url\" content=\"https:\/\/thelighthouse-lephare.ca\/fr\/monique-shaw\/\" \/>\n<meta property=\"og:site_name\" content=\"The Lighthouse\" \/>\n<meta property=\"article:publisher\" content=\"https:\/\/www.facebook.com\/thelighthouse.lephare\" \/>\n<meta property=\"article:modified_time\" content=\"2025-08-28T13:00:41+00:00\" \/>\n<meta property=\"og:image\" content=\"https:\/\/thelighthouse-lephare.ca\/wp-content\/uploads\/2024\/01\/Natalie-1638-scaled.jpg\" \/>\n\t<meta property=\"og:image:width\" content=\"2560\" \/>\n\t<meta property=\"og:image:height\" content=\"1704\" \/>\n\t<meta property=\"og:image:type\" content=\"image\/jpeg\" \/>\n<meta name=\"twitter:card\" content=\"summary_large_image\" \/>\n<meta name=\"twitter:label1\" content=\"Dur\u00e9e de lecture estim\u00e9e\" \/>\n\t<meta name=\"twitter:data1\" content=\"10 minutes\" \/>\n<script type=\"application\/ld+json\" class=\"yoast-schema-graph\">{\"@context\":\"https:\\\/\\\/schema.org\",\"@graph\":[{\"@type\":\"WebPage\",\"@id\":\"https:\\\/\\\/thelighthouse-lephare.ca\\\/fr\\\/monique-shaw\\\/\",\"url\":\"https:\\\/\\\/thelighthouse-lephare.ca\\\/fr\\\/monique-shaw\\\/\",\"name\":\"Monique Shaw - The Lighthouse\",\"isPartOf\":{\"@id\":\"https:\\\/\\\/thelighthouse-lephare.ca\\\/#website\"},\"datePublished\":\"2024-12-18T21:00:02+00:00\",\"dateModified\":\"2025-08-28T13:00:41+00:00\",\"description\":\"Je suis psychoth\u00e9rapeute agr\u00e9\u00e9 (qualification) et membre de l'Association canadienne de counseling et de psychoth\u00e9rapie (ACCP).\",\"breadcrumb\":{\"@id\":\"https:\\\/\\\/thelighthouse-lephare.ca\\\/fr\\\/monique-shaw\\\/#breadcrumb\"},\"inLanguage\":\"fr-FR\",\"potentialAction\":[{\"@type\":\"ReadAction\",\"target\":[\"https:\\\/\\\/thelighthouse-lephare.ca\\\/fr\\\/monique-shaw\\\/\"]}]},{\"@type\":\"BreadcrumbList\",\"@id\":\"https:\\\/\\\/thelighthouse-lephare.ca\\\/fr\\\/monique-shaw\\\/#breadcrumb\",\"itemListElement\":[{\"@type\":\"ListItem\",\"position\":1,\"name\":\"Home\",\"item\":\"https:\\\/\\\/thelighthouse-lephare.ca\\\/fr\\\/accueil\\\/\"},{\"@type\":\"ListItem\",\"position\":2,\"name\":\"Monique Shaw\"}]},{\"@type\":\"WebSite\",\"@id\":\"https:\\\/\\\/thelighthouse-lephare.ca\\\/#website\",\"url\":\"https:\\\/\\\/thelighthouse-lephare.ca\\\/\",\"name\":\"The Lighthouse-Lephare\",\"description\":\"Counselling and Psychotherapy\",\"publisher\":{\"@id\":\"https:\\\/\\\/thelighthouse-lephare.ca\\\/#organization\"},\"potentialAction\":[{\"@type\":\"SearchAction\",\"target\":{\"@type\":\"EntryPoint\",\"urlTemplate\":\"https:\\\/\\\/thelighthouse-lephare.ca\\\/?s={search_term_string}\"},\"query-input\":{\"@type\":\"PropertyValueSpecification\",\"valueRequired\":true,\"valueName\":\"search_term_string\"}}],\"inLanguage\":\"fr-FR\"},{\"@type\":\"Organization\",\"@id\":\"https:\\\/\\\/thelighthouse-lephare.ca\\\/#organization\",\"name\":\"The Lighthouse-Lephare Counselling and Psychotherapy\",\"alternateName\":\"The Lighthouse-Lephare\",\"url\":\"https:\\\/\\\/thelighthouse-lephare.ca\\\/\",\"logo\":{\"@type\":\"ImageObject\",\"inLanguage\":\"fr-FR\",\"@id\":\"https:\\\/\\\/thelighthouse-lephare.ca\\\/#\\\/schema\\\/logo\\\/image\\\/\",\"url\":\"https:\\\/\\\/thelighthouse-lephare.ca\\\/wp-content\\\/uploads\\\/2024\\\/01\\\/thelighthouse.jpg\",\"contentUrl\":\"https:\\\/\\\/thelighthouse-lephare.ca\\\/wp-content\\\/uploads\\\/2024\\\/01\\\/thelighthouse.jpg\",\"width\":1200,\"height\":799,\"caption\":\"The Lighthouse-Lephare Counselling and Psychotherapy\"},\"image\":{\"@id\":\"https:\\\/\\\/thelighthouse-lephare.ca\\\/#\\\/schema\\\/logo\\\/image\\\/\"},\"sameAs\":[\"https:\\\/\\\/www.facebook.com\\\/thelighthouse.lephare\",\"https:\\\/\\\/www.instagram.com\\\/thelighthouselephare\\\/\"]}]}<\/script>\n<!-- \/ Yoast SEO plugin. -->","yoast_head_json":{"title":"Monique Shaw - The Lighthouse","description":"Je suis psychoth\u00e9rapeute agr\u00e9\u00e9 (qualification) et membre de l'Association canadienne de counseling et de psychoth\u00e9rapie (ACCP).","robots":{"index":"index","follow":"follow","max-snippet":"max-snippet:-1","max-image-preview":"max-image-preview:large","max-video-preview":"max-video-preview:-1"},"canonical":"https:\/\/thelighthouse-lephare.ca\/fr\/monique-shaw\/","og_locale":"fr_FR","og_type":"article","og_title":"Monique Shaw - The Lighthouse","og_description":"Je suis psychoth\u00e9rapeute agr\u00e9\u00e9 (qualification) et membre de l'Association canadienne de counseling et de psychoth\u00e9rapie (ACCP).","og_url":"https:\/\/thelighthouse-lephare.ca\/fr\/monique-shaw\/","og_site_name":"The Lighthouse","article_publisher":"https:\/\/www.facebook.com\/thelighthouse.lephare","article_modified_time":"2025-08-28T13:00:41+00:00","og_image":[{"width":2560,"height":1704,"url":"https:\/\/thelighthouse-lephare.ca\/wp-content\/uploads\/2024\/01\/Natalie-1638-scaled.jpg","type":"image\/jpeg"}],"twitter_card":"summary_large_image","twitter_misc":{"Dur\u00e9e de lecture estim\u00e9e":"10 minutes"},"schema":{"@context":"https:\/\/schema.org","@graph":[{"@type":"WebPage","@id":"https:\/\/thelighthouse-lephare.ca\/fr\/monique-shaw\/","url":"https:\/\/thelighthouse-lephare.ca\/fr\/monique-shaw\/","name":"Monique Shaw - The Lighthouse","isPartOf":{"@id":"https:\/\/thelighthouse-lephare.ca\/#website"},"datePublished":"2024-12-18T21:00:02+00:00","dateModified":"2025-08-28T13:00:41+00:00","description":"Je suis psychoth\u00e9rapeute agr\u00e9\u00e9 (qualification) et membre de l'Association canadienne de counseling et de psychoth\u00e9rapie (ACCP).","breadcrumb":{"@id":"https:\/\/thelighthouse-lephare.ca\/fr\/monique-shaw\/#breadcrumb"},"inLanguage":"fr-FR","potentialAction":[{"@type":"ReadAction","target":["https:\/\/thelighthouse-lephare.ca\/fr\/monique-shaw\/"]}]},{"@type":"BreadcrumbList","@id":"https:\/\/thelighthouse-lephare.ca\/fr\/monique-shaw\/#breadcrumb","itemListElement":[{"@type":"ListItem","position":1,"name":"Home","item":"https:\/\/thelighthouse-lephare.ca\/fr\/accueil\/"},{"@type":"ListItem","position":2,"name":"Monique Shaw"}]},{"@type":"WebSite","@id":"https:\/\/thelighthouse-lephare.ca\/#website","url":"https:\/\/thelighthouse-lephare.ca\/","name":"The Lighthouse-Lephare","description":"Counselling and Psychotherapy","publisher":{"@id":"https:\/\/thelighthouse-lephare.ca\/#organization"},"potentialAction":[{"@type":"SearchAction","target":{"@type":"EntryPoint","urlTemplate":"https:\/\/thelighthouse-lephare.ca\/?s={search_term_string}"},"query-input":{"@type":"PropertyValueSpecification","valueRequired":true,"valueName":"search_term_string"}}],"inLanguage":"fr-FR"},{"@type":"Organization","@id":"https:\/\/thelighthouse-lephare.ca\/#organization","name":"The Lighthouse-Lephare Counselling and Psychotherapy","alternateName":"The Lighthouse-Lephare","url":"https:\/\/thelighthouse-lephare.ca\/","logo":{"@type":"ImageObject","inLanguage":"fr-FR","@id":"https:\/\/thelighthouse-lephare.ca\/#\/schema\/logo\/image\/","url":"https:\/\/thelighthouse-lephare.ca\/wp-content\/uploads\/2024\/01\/thelighthouse.jpg","contentUrl":"https:\/\/thelighthouse-lephare.ca\/wp-content\/uploads\/2024\/01\/thelighthouse.jpg","width":1200,"height":799,"caption":"The Lighthouse-Lephare Counselling and Psychotherapy"},"image":{"@id":"https:\/\/thelighthouse-lephare.ca\/#\/schema\/logo\/image\/"},"sameAs":["https:\/\/www.facebook.com\/thelighthouse.lephare","https:\/\/www.instagram.com\/thelighthouselephare\/"]}]}},"_links":{"self":[{"href":"https:\/\/thelighthouse-lephare.ca\/fr\/wp-json\/wp\/v2\/pages\/2552","targetHints":{"allow":["GET"]}}],"collection":[{"href":"https:\/\/thelighthouse-lephare.ca\/fr\/wp-json\/wp\/v2\/pages"}],"about":[{"href":"https:\/\/thelighthouse-lephare.ca\/fr\/wp-json\/wp\/v2\/types\/page"}],"author":[{"embeddable":true,"href":"https:\/\/thelighthouse-lephare.ca\/fr\/wp-json\/wp\/v2\/users\/2"}],"replies":[{"embeddable":true,"href":"https:\/\/thelighthouse-lephare.ca\/fr\/wp-json\/wp\/v2\/comments?post=2552"}],"version-history":[{"count":4,"href":"https:\/\/thelighthouse-lephare.ca\/fr\/wp-json\/wp\/v2\/pages\/2552\/revisions"}],"predecessor-version":[{"id":2773,"href":"https:\/\/thelighthouse-lephare.ca\/fr\/wp-json\/wp\/v2\/pages\/2552\/revisions\/2773"}],"wp:attachment":[{"href":"https:\/\/thelighthouse-lephare.ca\/fr\/wp-json\/wp\/v2\/media?parent=2552"}],"curies":[{"name":"wp","href":"https:\/\/api.w.org\/{rel}","templated":true}]}}