{"id":2463,"date":"2024-08-23T17:55:35","date_gmt":"2024-08-23T17:55:35","guid":{"rendered":"https:\/\/thelighthouse-lephare.ca\/marianne-cook-martin-ba\/"},"modified":"2026-02-16T13:09:12","modified_gmt":"2026-02-16T13:09:12","slug":"marianne-cook-martin-ba","status":"publish","type":"page","link":"https:\/\/thelighthouse-lephare.ca\/fr\/marianne-cook-martin-ba\/","title":{"rendered":"Marianne Cook-Martin, BA"},"content":{"rendered":"<div class=\"fusion-fullwidth fullwidth-box fusion-builder-row-1 fusion-flex-container has-pattern-background has-mask-background nonhundred-percent-fullwidth non-hundred-percent-height-scrolling gradient-container-1\" style=\"--awb-border-radius-top-left:0px;--awb-border-radius-top-right:0px;--awb-border-radius-bottom-right:0px;--awb-border-radius-bottom-left:0px;--awb-padding-top:80px;--awb-padding-bottom:80px;--awb-background-color:var(--awb-color2);--awb-flex-wrap:wrap;\" ><div class=\"fusion-builder-row fusion-row fusion-flex-align-items-flex-start fusion-flex-justify-content-center fusion-flex-content-wrap\" style=\"max-width:1248px;margin-left: calc(-4% \/ 2 );margin-right: calc(-4% \/ 2 );\"><div class=\"fusion-layout-column fusion_builder_column fusion-builder-column-0 awb-sticky awb-sticky-large fusion_builder_column_1_2 1_2 fusion-flex-column\" style=\"--awb-bg-size:cover;--awb-width-large:50%;--awb-margin-top-large:0px;--awb-spacing-right-large:3.84%;--awb-margin-bottom-large:20px;--awb-spacing-left-large:3.84%;--awb-width-medium:50%;--awb-order-medium:0;--awb-spacing-right-medium:3.84%;--awb-spacing-left-medium:3.84%;--awb-width-small:100%;--awb-order-small:0;--awb-spacing-right-small:1.92%;--awb-spacing-left-small:1.92%;\" data-scroll-devices=\"small-visibility,medium-visibility,large-visibility\"><div class=\"fusion-column-wrapper fusion-column-has-shadow fusion-flex-justify-content-flex-start fusion-content-layout-column\"><div class=\"fusion-image-element \" style=\"--awb-caption-title-font-family:var(--h2_typography-font-family);--awb-caption-title-font-weight:var(--h2_typography-font-weight);--awb-caption-title-font-style:var(--h2_typography-font-style);--awb-caption-title-size:var(--h2_typography-font-size);--awb-caption-title-transform:var(--h2_typography-text-transform);--awb-caption-title-line-height:var(--h2_typography-line-height);--awb-caption-title-letter-spacing:var(--h2_typography-letter-spacing);\"><span class=\" fusion-imageframe imageframe-none imageframe-1 hover-type-none\"><img decoding=\"async\" width=\"1704\" height=\"2560\" title=\"Marianne\" src=\"https:\/\/thelighthouse-lephare.ca\/wp-content\/uploads\/2024\/10\/Marianne-Headshot-scaled.jpg\" alt class=\"img-responsive wp-image-2465\" srcset=\"https:\/\/thelighthouse-lephare.ca\/wp-content\/uploads\/2024\/10\/Marianne-Headshot-200x301.jpg 200w, https:\/\/thelighthouse-lephare.ca\/wp-content\/uploads\/2024\/10\/Marianne-Headshot-400x601.jpg 400w, https:\/\/thelighthouse-lephare.ca\/wp-content\/uploads\/2024\/10\/Marianne-Headshot-600x902.jpg 600w, https:\/\/thelighthouse-lephare.ca\/wp-content\/uploads\/2024\/10\/Marianne-Headshot-800x1202.jpg 800w, https:\/\/thelighthouse-lephare.ca\/wp-content\/uploads\/2024\/10\/Marianne-Headshot-1200x1803.jpg 1200w, https:\/\/thelighthouse-lephare.ca\/wp-content\/uploads\/2024\/10\/Marianne-Headshot-scaled.jpg 1704w\" sizes=\"(max-width: 640px) 100vw, 600px\" \/><\/span><\/div><\/div><\/div><div class=\"fusion-layout-column fusion_builder_column fusion-builder-column-1 fusion_builder_column_1_2 1_2 fusion-flex-column\" style=\"--awb-bg-size:cover;--awb-width-large:50%;--awb-margin-top-large:0px;--awb-spacing-right-large:3.84%;--awb-margin-bottom-large:20px;--awb-spacing-left-large:3.84%;--awb-width-medium:50%;--awb-order-medium:0;--awb-spacing-right-medium:3.84%;--awb-spacing-left-medium:3.84%;--awb-width-small:100%;--awb-order-small:0;--awb-spacing-right-small:1.92%;--awb-spacing-left-small:1.92%;\"><div class=\"fusion-column-wrapper fusion-column-has-shadow fusion-flex-justify-content-flex-start fusion-content-layout-column\"><div class=\"fusion-title title fusion-title-1 fusion-sep-none fusion-title-text fusion-title-size-two\" style=\"--awb-margin-top-small:10px;--awb-margin-right-small:0px;--awb-margin-bottom-small:10px;--awb-margin-left-small:0px;\"><h2 class=\"fusion-title-heading title-heading-left\" style=\"margin:0;\">Marianne Cook-Martin, BA, MACP, CCC<\/h2><\/div><div class=\"fusion-title title fusion-title-2 fusion-sep-none fusion-title-text fusion-title-size-six\" style=\"--awb-margin-top-small:10px;--awb-margin-right-small:0px;--awb-margin-bottom-small:10px;--awb-margin-left-small:0px;\"><h6 class=\"fusion-title-heading title-heading-left\" style=\"margin:0;\">Psychoth\u00e9rapeute agr\u00e9\u00e9<\/h6><\/div><div class=\"elegant-dual-button elegant-align-left\"><div class=\"elegant-dual-button-first\"><div ><a class=\"fusion-button button-flat fusion-button-default-size button-default fusion-button-default button-1 fusion-button-default-span fusion-button-default-type\" target=\"_self\" href=\"mailto:marianne.cook-martin@thelighthouse-lephare.ca\"><span class=\"fusion-button-text awb-button__text awb-button__text--default\">Email Me<\/span><\/a><\/div><div class=\"elegant-dual-button-separator elegant-separator-type-string\" style=\"background-color:#ffffff;color:var(--awb-color4);font-family: &#039;Open Sans&#039; ;font-weight: 400;\"><span class=\"elegant-dual-button-separator-text\">OR<\/span><\/div><\/div><div class=\"elegant-dual-button-last\"><div ><a class=\"fusion-button button-flat fusion-button-default-size button-default fusion-button-default button-2 fusion-button-default-span fusion-button-default-type\" target=\"_self\" href=\"tel:6132580880\"><span class=\"fusion-button-text awb-button__text awb-button__text--default\">Call 613-258-0880<\/span><\/a><\/div><\/div><\/div><div class=\"fusion-separator fusion-full-width-sep\" style=\"align-self: center;margin-left: auto;margin-right: auto;margin-top:30px;width:100%;\"><\/div><div class=\"fusion-text fusion-text-1\"><p>Pendant 25 ans, je me suis consacr\u00e9 au service param\u00e9dical. C&rsquo;est cette exp\u00e9rience qui m&rsquo;a amen\u00e9e \u00e0 devenir psychoth\u00e9rapeute. Mon parcours personnel de m\u00e8re, d&rsquo;\u00e9pouse, de secouriste et d&rsquo;amie a \u00e9veill\u00e9 ma passion pour aider les personnes \u00e0 traverser les diff\u00e9rentes transitions de la vie, notamment l&rsquo;infertilit\u00e9, l&rsquo;\u00e9puisement des soignants, les traumatismes et le syndrome de stress post-traumatique (SSPT). J&rsquo;ai une passion pour le travail avec les premiers intervenants et leurs familles, ainsi qu&rsquo;avec notre population plus jeune, y compris les enfants et les adolescents (\u00e2g\u00e9s de 8 ans et plus), en les aidant \u00e0 faire face \u00e0 leurs d\u00e9fis uniques.   <\/p>\n<p>Je suis psychoth\u00e9rapeute agr\u00e9\u00e9e par le CRPO et j&rsquo;ach\u00e8ve ma ma\u00eetrise en psychologie du counselling \u00e0 l&rsquo;Universit\u00e9 Yorkville. Je suis \u00e9galement un fournisseur de la Croix Bleue et un CCC (conseiller canadien certifi\u00e9) #11246427.<\/p>\n<p>Lors des s\u00e9ances, j&rsquo;offre un environnement s\u00fbr, compatissant et confidentiel pour explorer les sentiments, les croyances, relever les d\u00e9fis, fixer des objectifs et travailler au changement souhait\u00e9. Je m&rsquo;appuie sur une approche fond\u00e9e sur les traumatismes en utilisant des traitements et des interventions issus de diverses modalit\u00e9s, notamment les syst\u00e8mes familiaux internes, l&rsquo;EMDR, la th\u00e9rapie narrative et la th\u00e9rapie du bac \u00e0 sable, tout en adaptant mon approche aux besoins de chaque personne. J&rsquo;ai un int\u00e9r\u00eat particulier pour le travail avec les personnes ayant subi des traumatismes, des deuils, celles qui luttent contre l&rsquo;\u00e9puisement professionnel et les transitions de la vie. J&rsquo;ai de l&rsquo;exp\u00e9rience dans le traitement de l&rsquo;anxi\u00e9t\u00e9, de la d\u00e9pression, du deuil, des difficult\u00e9s relationnelles, de l&rsquo;automutilation, de l&rsquo;estime de soi et d&rsquo;autres probl\u00e8mes.<\/p>\n<p>Je crois fermement au pouvoir d&rsquo;une pr\u00e9sence chaleureuse et accueillante qui peut doucement ouvrir la porte \u00e0 une conversation significative. J&rsquo;ai v\u00e9cu mes propres exp\u00e9riences et, bien qu&rsquo;elles soient diff\u00e9rentes des v\u00f4tres, cette compr\u00e9hension alimente mon empathie &#8211; un pouvoir auquel je crois fermement. L&rsquo;histoire de chacun est unique et propre, et ce serait un privil\u00e8ge pour moi d&rsquo;explorer votre histoire avec vous.  <\/p>\n<\/div><\/div><\/div><\/div><\/div>\n","protected":false},"excerpt":{"rendered":"","protected":false},"author":2,"featured_media":0,"parent":0,"menu_order":0,"comment_status":"closed","ping_status":"closed","template":"100-width.php","meta":{"footnotes":""},"class_list":["post-2463","page","type-page","status-publish","hentry"],"yoast_head":"<!-- This site is optimized with the Yoast SEO plugin v27.4 - https:\/\/yoast.com\/product\/yoast-seo-wordpress\/ -->\n<title>Marianne Cook-Martin - The Lighthouse<\/title>\n<meta name=\"description\" content=\"Pendant 25 ans, je me suis consacr\u00e9 au service param\u00e9dical. C&#039;est cette exp\u00e9rience qui m&#039;a amen\u00e9e \u00e0 devenir psychoth\u00e9rapeute.\" \/>\n<meta name=\"robots\" content=\"index, follow, max-snippet:-1, max-image-preview:large, max-video-preview:-1\" \/>\n<link rel=\"canonical\" href=\"https:\/\/thelighthouse-lephare.ca\/fr\/marianne-cook-martin-ba\/\" \/>\n<meta property=\"og:locale\" content=\"fr_FR\" \/>\n<meta property=\"og:type\" content=\"article\" \/>\n<meta property=\"og:title\" content=\"Marianne Cook-Martin - The Lighthouse\" \/>\n<meta property=\"og:description\" content=\"Pendant 25 ans, je me suis consacr\u00e9 au service param\u00e9dical. C&#039;est cette exp\u00e9rience qui m&#039;a amen\u00e9e \u00e0 devenir psychoth\u00e9rapeute.\" \/>\n<meta property=\"og:url\" content=\"https:\/\/thelighthouse-lephare.ca\/fr\/marianne-cook-martin-ba\/\" \/>\n<meta property=\"og:site_name\" content=\"The Lighthouse\" \/>\n<meta property=\"article:publisher\" content=\"https:\/\/www.facebook.com\/thelighthouse.lephare\" \/>\n<meta property=\"article:modified_time\" content=\"2026-02-16T13:09:12+00:00\" \/>\n<meta property=\"og:image\" content=\"https:\/\/thelighthouse-lephare.ca\/wp-content\/uploads\/2024\/01\/Natalie-1638-scaled.jpg\" \/>\n\t<meta property=\"og:image:width\" content=\"2560\" \/>\n\t<meta property=\"og:image:height\" content=\"1704\" \/>\n\t<meta property=\"og:image:type\" content=\"image\/jpeg\" \/>\n<meta name=\"twitter:card\" content=\"summary_large_image\" \/>\n<meta name=\"twitter:label1\" content=\"Dur\u00e9e de lecture estim\u00e9e\" \/>\n\t<meta name=\"twitter:data1\" content=\"10 minutes\" \/>\n<script type=\"application\/ld+json\" class=\"yoast-schema-graph\">{\"@context\":\"https:\\\/\\\/schema.org\",\"@graph\":[{\"@type\":\"WebPage\",\"@id\":\"https:\\\/\\\/thelighthouse-lephare.ca\\\/fr\\\/marianne-cook-martin-ba\\\/\",\"url\":\"https:\\\/\\\/thelighthouse-lephare.ca\\\/fr\\\/marianne-cook-martin-ba\\\/\",\"name\":\"Marianne Cook-Martin - The Lighthouse\",\"isPartOf\":{\"@id\":\"https:\\\/\\\/thelighthouse-lephare.ca\\\/#website\"},\"datePublished\":\"2024-08-23T17:55:35+00:00\",\"dateModified\":\"2026-02-16T13:09:12+00:00\",\"description\":\"Pendant 25 ans, je me suis consacr\u00e9 au service param\u00e9dical. C'est cette exp\u00e9rience qui m'a amen\u00e9e \u00e0 devenir psychoth\u00e9rapeute.\",\"breadcrumb\":{\"@id\":\"https:\\\/\\\/thelighthouse-lephare.ca\\\/fr\\\/marianne-cook-martin-ba\\\/#breadcrumb\"},\"inLanguage\":\"fr-FR\",\"potentialAction\":[{\"@type\":\"ReadAction\",\"target\":[\"https:\\\/\\\/thelighthouse-lephare.ca\\\/fr\\\/marianne-cook-martin-ba\\\/\"]}]},{\"@type\":\"BreadcrumbList\",\"@id\":\"https:\\\/\\\/thelighthouse-lephare.ca\\\/fr\\\/marianne-cook-martin-ba\\\/#breadcrumb\",\"itemListElement\":[{\"@type\":\"ListItem\",\"position\":1,\"name\":\"Home\",\"item\":\"https:\\\/\\\/thelighthouse-lephare.ca\\\/fr\\\/accueil\\\/\"},{\"@type\":\"ListItem\",\"position\":2,\"name\":\"Marianne Cook-Martin, BA\"}]},{\"@type\":\"WebSite\",\"@id\":\"https:\\\/\\\/thelighthouse-lephare.ca\\\/#website\",\"url\":\"https:\\\/\\\/thelighthouse-lephare.ca\\\/\",\"name\":\"The Lighthouse-Lephare\",\"description\":\"Counselling and Psychotherapy\",\"publisher\":{\"@id\":\"https:\\\/\\\/thelighthouse-lephare.ca\\\/#organization\"},\"potentialAction\":[{\"@type\":\"SearchAction\",\"target\":{\"@type\":\"EntryPoint\",\"urlTemplate\":\"https:\\\/\\\/thelighthouse-lephare.ca\\\/?s={search_term_string}\"},\"query-input\":{\"@type\":\"PropertyValueSpecification\",\"valueRequired\":true,\"valueName\":\"search_term_string\"}}],\"inLanguage\":\"fr-FR\"},{\"@type\":\"Organization\",\"@id\":\"https:\\\/\\\/thelighthouse-lephare.ca\\\/#organization\",\"name\":\"The Lighthouse-Lephare Counselling and Psychotherapy\",\"alternateName\":\"The Lighthouse-Lephare\",\"url\":\"https:\\\/\\\/thelighthouse-lephare.ca\\\/\",\"logo\":{\"@type\":\"ImageObject\",\"inLanguage\":\"fr-FR\",\"@id\":\"https:\\\/\\\/thelighthouse-lephare.ca\\\/#\\\/schema\\\/logo\\\/image\\\/\",\"url\":\"https:\\\/\\\/thelighthouse-lephare.ca\\\/wp-content\\\/uploads\\\/2024\\\/01\\\/thelighthouse.jpg\",\"contentUrl\":\"https:\\\/\\\/thelighthouse-lephare.ca\\\/wp-content\\\/uploads\\\/2024\\\/01\\\/thelighthouse.jpg\",\"width\":1200,\"height\":799,\"caption\":\"The Lighthouse-Lephare Counselling and Psychotherapy\"},\"image\":{\"@id\":\"https:\\\/\\\/thelighthouse-lephare.ca\\\/#\\\/schema\\\/logo\\\/image\\\/\"},\"sameAs\":[\"https:\\\/\\\/www.facebook.com\\\/thelighthouse.lephare\",\"https:\\\/\\\/www.instagram.com\\\/thelighthouselephare\\\/\"]}]}<\/script>\n<!-- \/ Yoast SEO plugin. -->","yoast_head_json":{"title":"Marianne Cook-Martin - The Lighthouse","description":"Pendant 25 ans, je me suis consacr\u00e9 au service param\u00e9dical. C'est cette exp\u00e9rience qui m'a amen\u00e9e \u00e0 devenir psychoth\u00e9rapeute.","robots":{"index":"index","follow":"follow","max-snippet":"max-snippet:-1","max-image-preview":"max-image-preview:large","max-video-preview":"max-video-preview:-1"},"canonical":"https:\/\/thelighthouse-lephare.ca\/fr\/marianne-cook-martin-ba\/","og_locale":"fr_FR","og_type":"article","og_title":"Marianne Cook-Martin - The Lighthouse","og_description":"Pendant 25 ans, je me suis consacr\u00e9 au service param\u00e9dical. C'est cette exp\u00e9rience qui m'a amen\u00e9e \u00e0 devenir psychoth\u00e9rapeute.","og_url":"https:\/\/thelighthouse-lephare.ca\/fr\/marianne-cook-martin-ba\/","og_site_name":"The Lighthouse","article_publisher":"https:\/\/www.facebook.com\/thelighthouse.lephare","article_modified_time":"2026-02-16T13:09:12+00:00","og_image":[{"width":2560,"height":1704,"url":"https:\/\/thelighthouse-lephare.ca\/wp-content\/uploads\/2024\/01\/Natalie-1638-scaled.jpg","type":"image\/jpeg"}],"twitter_card":"summary_large_image","twitter_misc":{"Dur\u00e9e de lecture estim\u00e9e":"10 minutes"},"schema":{"@context":"https:\/\/schema.org","@graph":[{"@type":"WebPage","@id":"https:\/\/thelighthouse-lephare.ca\/fr\/marianne-cook-martin-ba\/","url":"https:\/\/thelighthouse-lephare.ca\/fr\/marianne-cook-martin-ba\/","name":"Marianne Cook-Martin - The Lighthouse","isPartOf":{"@id":"https:\/\/thelighthouse-lephare.ca\/#website"},"datePublished":"2024-08-23T17:55:35+00:00","dateModified":"2026-02-16T13:09:12+00:00","description":"Pendant 25 ans, je me suis consacr\u00e9 au service param\u00e9dical. C'est cette exp\u00e9rience qui m'a amen\u00e9e \u00e0 devenir psychoth\u00e9rapeute.","breadcrumb":{"@id":"https:\/\/thelighthouse-lephare.ca\/fr\/marianne-cook-martin-ba\/#breadcrumb"},"inLanguage":"fr-FR","potentialAction":[{"@type":"ReadAction","target":["https:\/\/thelighthouse-lephare.ca\/fr\/marianne-cook-martin-ba\/"]}]},{"@type":"BreadcrumbList","@id":"https:\/\/thelighthouse-lephare.ca\/fr\/marianne-cook-martin-ba\/#breadcrumb","itemListElement":[{"@type":"ListItem","position":1,"name":"Home","item":"https:\/\/thelighthouse-lephare.ca\/fr\/accueil\/"},{"@type":"ListItem","position":2,"name":"Marianne Cook-Martin, BA"}]},{"@type":"WebSite","@id":"https:\/\/thelighthouse-lephare.ca\/#website","url":"https:\/\/thelighthouse-lephare.ca\/","name":"The Lighthouse-Lephare","description":"Counselling and Psychotherapy","publisher":{"@id":"https:\/\/thelighthouse-lephare.ca\/#organization"},"potentialAction":[{"@type":"SearchAction","target":{"@type":"EntryPoint","urlTemplate":"https:\/\/thelighthouse-lephare.ca\/?s={search_term_string}"},"query-input":{"@type":"PropertyValueSpecification","valueRequired":true,"valueName":"search_term_string"}}],"inLanguage":"fr-FR"},{"@type":"Organization","@id":"https:\/\/thelighthouse-lephare.ca\/#organization","name":"The Lighthouse-Lephare Counselling and Psychotherapy","alternateName":"The Lighthouse-Lephare","url":"https:\/\/thelighthouse-lephare.ca\/","logo":{"@type":"ImageObject","inLanguage":"fr-FR","@id":"https:\/\/thelighthouse-lephare.ca\/#\/schema\/logo\/image\/","url":"https:\/\/thelighthouse-lephare.ca\/wp-content\/uploads\/2024\/01\/thelighthouse.jpg","contentUrl":"https:\/\/thelighthouse-lephare.ca\/wp-content\/uploads\/2024\/01\/thelighthouse.jpg","width":1200,"height":799,"caption":"The Lighthouse-Lephare Counselling and Psychotherapy"},"image":{"@id":"https:\/\/thelighthouse-lephare.ca\/#\/schema\/logo\/image\/"},"sameAs":["https:\/\/www.facebook.com\/thelighthouse.lephare","https:\/\/www.instagram.com\/thelighthouselephare\/"]}]}},"_links":{"self":[{"href":"https:\/\/thelighthouse-lephare.ca\/fr\/wp-json\/wp\/v2\/pages\/2463","targetHints":{"allow":["GET"]}}],"collection":[{"href":"https:\/\/thelighthouse-lephare.ca\/fr\/wp-json\/wp\/v2\/pages"}],"about":[{"href":"https:\/\/thelighthouse-lephare.ca\/fr\/wp-json\/wp\/v2\/types\/page"}],"author":[{"embeddable":true,"href":"https:\/\/thelighthouse-lephare.ca\/fr\/wp-json\/wp\/v2\/users\/2"}],"replies":[{"embeddable":true,"href":"https:\/\/thelighthouse-lephare.ca\/fr\/wp-json\/wp\/v2\/comments?post=2463"}],"version-history":[{"count":15,"href":"https:\/\/thelighthouse-lephare.ca\/fr\/wp-json\/wp\/v2\/pages\/2463\/revisions"}],"predecessor-version":[{"id":2946,"href":"https:\/\/thelighthouse-lephare.ca\/fr\/wp-json\/wp\/v2\/pages\/2463\/revisions\/2946"}],"wp:attachment":[{"href":"https:\/\/thelighthouse-lephare.ca\/fr\/wp-json\/wp\/v2\/media?parent=2463"}],"curies":[{"name":"wp","href":"https:\/\/api.w.org\/{rel}","templated":true}]}}