{"id":1640,"date":"2024-01-03T18:47:08","date_gmt":"2024-01-03T18:47:08","guid":{"rendered":"https:\/\/staging.thelighthouse-lephare.ca\/melanie\/"},"modified":"2025-12-23T20:13:37","modified_gmt":"2025-12-23T20:13:37","slug":"melanie","status":"publish","type":"page","link":"https:\/\/thelighthouse-lephare.ca\/fr\/melanie\/","title":{"rendered":"M\u00e9lanie"},"content":{"rendered":"<div class=\"fusion-fullwidth fullwidth-box fusion-builder-row-1 fusion-flex-container has-pattern-background has-mask-background nonhundred-percent-fullwidth non-hundred-percent-height-scrolling gradient-container-1\" style=\"--awb-border-radius-top-left:0px;--awb-border-radius-top-right:0px;--awb-border-radius-bottom-right:0px;--awb-border-radius-bottom-left:0px;--awb-padding-top:80px;--awb-padding-bottom:80px;--awb-background-color:var(--awb-color2);--awb-flex-wrap:wrap;\" ><div class=\"fusion-builder-row fusion-row fusion-flex-align-items-flex-start fusion-flex-justify-content-center fusion-flex-content-wrap\" style=\"max-width:1248px;margin-left: calc(-4% \/ 2 );margin-right: calc(-4% \/ 2 );\"><div class=\"fusion-layout-column fusion_builder_column fusion-builder-column-0 awb-sticky awb-sticky-large fusion_builder_column_1_2 1_2 fusion-flex-column\" style=\"--awb-bg-size:cover;--awb-width-large:50%;--awb-margin-top-large:0px;--awb-spacing-right-large:3.84%;--awb-margin-bottom-large:20px;--awb-spacing-left-large:3.84%;--awb-width-medium:50%;--awb-order-medium:0;--awb-spacing-right-medium:3.84%;--awb-spacing-left-medium:3.84%;--awb-width-small:100%;--awb-order-small:0;--awb-spacing-right-small:1.92%;--awb-spacing-left-small:1.92%;\" data-scroll-devices=\"small-visibility,medium-visibility,large-visibility\"><div class=\"fusion-column-wrapper fusion-column-has-shadow fusion-flex-justify-content-flex-start fusion-content-layout-column\"><div class=\"fusion-image-element \" style=\"--awb-caption-title-font-family:var(--h2_typography-font-family);--awb-caption-title-font-weight:var(--h2_typography-font-weight);--awb-caption-title-font-style:var(--h2_typography-font-style);--awb-caption-title-size:var(--h2_typography-font-size);--awb-caption-title-transform:var(--h2_typography-text-transform);--awb-caption-title-line-height:var(--h2_typography-line-height);--awb-caption-title-letter-spacing:var(--h2_typography-letter-spacing);\"><span class=\" fusion-imageframe imageframe-none imageframe-1 hover-type-none\"><img decoding=\"async\" width=\"590\" height=\"810\" title=\"Natalie-30392-Edit\" src=\"https:\/\/thelighthouse-lephare.ca\/wp-content\/uploads\/2024\/01\/Natalie-30392-Edit.webp\" alt class=\"img-responsive wp-image-1333\" srcset=\"https:\/\/thelighthouse-lephare.ca\/wp-content\/uploads\/2024\/01\/Natalie-30392-Edit-200x275.webp 200w, https:\/\/thelighthouse-lephare.ca\/wp-content\/uploads\/2024\/01\/Natalie-30392-Edit-400x549.webp 400w, https:\/\/thelighthouse-lephare.ca\/wp-content\/uploads\/2024\/01\/Natalie-30392-Edit.webp 590w\" sizes=\"(max-width: 640px) 100vw, 590px\" \/><\/span><\/div><\/div><\/div><div class=\"fusion-layout-column fusion_builder_column fusion-builder-column-1 fusion_builder_column_1_2 1_2 fusion-flex-column\" style=\"--awb-bg-size:cover;--awb-width-large:50%;--awb-margin-top-large:0px;--awb-spacing-right-large:3.84%;--awb-margin-bottom-large:20px;--awb-spacing-left-large:3.84%;--awb-width-medium:50%;--awb-order-medium:0;--awb-spacing-right-medium:3.84%;--awb-spacing-left-medium:3.84%;--awb-width-small:100%;--awb-order-small:0;--awb-spacing-right-small:1.92%;--awb-spacing-left-small:1.92%;\"><div class=\"fusion-column-wrapper fusion-column-has-shadow fusion-flex-justify-content-flex-start fusion-content-layout-column\"><div class=\"fusion-title title fusion-title-1 fusion-sep-none fusion-title-text fusion-title-size-two\" style=\"--awb-margin-top-small:10px;--awb-margin-right-small:0px;--awb-margin-bottom-small:10px;--awb-margin-left-small:0px;\"><h2 class=\"fusion-title-heading title-heading-left\" style=\"margin:0;\">Melanie Herweyer, MA<\/h2><\/div><div class=\"fusion-title title fusion-title-2 fusion-sep-none fusion-title-text fusion-title-size-six\" style=\"--awb-margin-top-small:10px;--awb-margin-right-small:0px;--awb-margin-bottom-small:10px;--awb-margin-left-small:0px;\"><h6 class=\"fusion-title-heading title-heading-left\" style=\"margin:0;\">Psychoth\u00e9rapeute agr\u00e9\u00e9\/superviseur clinique<\/h6><\/div><div class=\"elegant-dual-button elegant-align-left\"><div class=\"elegant-dual-button-first\"><div ><a class=\"fusion-button button-flat fusion-button-default-size button-default fusion-button-default button-1 fusion-button-default-span fusion-button-default-type\" target=\"_self\" href=\"mailto:melanie@thelighthouse-lephare.ca\"><span class=\"fusion-button-text awb-button__text awb-button__text--default\">Email Me<\/span><\/a><\/div><div class=\"elegant-dual-button-separator elegant-separator-type-string\" style=\"background-color:#ffffff;color:var(--awb-color4);font-family: &#039;Open Sans&#039; ;font-weight: 400;\"><span class=\"elegant-dual-button-separator-text\">OR<\/span><\/div><\/div><div class=\"elegant-dual-button-last\"><div ><a class=\"fusion-button button-flat fusion-button-default-size button-default fusion-button-default button-2 fusion-button-default-span fusion-button-default-type\" target=\"_self\" href=\"tel:6132580880\"><span class=\"fusion-button-text awb-button__text awb-button__text--default\">Call 613-258-0880<\/span><\/a><\/div><\/div><\/div><div class=\"fusion-separator fusion-full-width-sep\" style=\"align-self: center;margin-left: auto;margin-right: auto;margin-top:30px;width:100%;\"><\/div><div class=\"fusion-image-element \" style=\"--awb-caption-title-font-family:var(--h2_typography-font-family);--awb-caption-title-font-weight:var(--h2_typography-font-weight);--awb-caption-title-font-style:var(--h2_typography-font-style);--awb-caption-title-size:var(--h2_typography-font-size);--awb-caption-title-transform:var(--h2_typography-text-transform);--awb-caption-title-line-height:var(--h2_typography-line-height);--awb-caption-title-letter-spacing:var(--h2_typography-letter-spacing);\"><span class=\" fusion-imageframe imageframe-none imageframe-2 hover-type-none\"><a class=\"fusion-no-lightbox\" href=\"https:\/\/www.psychologytoday.com\/ca\/therapists\/melanie-herweyer-kemptville-on\/1125376\" target=\"_blank\" rel=\"noopener noreferrer\"><img decoding=\"async\" width=\"180\" height=\"58\" src=\"https:\/\/thelighthouse-lephare.ca\/wp-content\/uploads\/2023\/12\/psychologytoday.png\" alt class=\"img-responsive wp-image-1100\" srcset=\"https:\/\/thelighthouse-lephare.ca\/wp-content\/uploads\/2023\/12\/psychologytoday-177x58.png 177w, https:\/\/thelighthouse-lephare.ca\/wp-content\/uploads\/2023\/12\/psychologytoday.png 180w\" sizes=\"(max-width: 180px) 100vw, 180px\" \/><\/a><\/span><\/div><div class=\"fusion-separator fusion-full-width-sep\" style=\"align-self: center;margin-left: auto;margin-right: auto;margin-top:30px;width:100%;\"><\/div><div class=\"fusion-text fusion-text-1\"><p>Je suis un nouveau r\u00e9sident de la r\u00e9gion de Kemptville et j&rsquo;ai aim\u00e9 la communaut\u00e9 et le paysage d\u00e8s le premier jour. Je me r\u00e9jouis de pouvoir faire partie de l&rsquo;\u00e9quipe de sant\u00e9 mentale qui offre des services dans cette r\u00e9gion. J&rsquo;ai une riche exp\u00e9rience du travail avec les gens, notamment dans les services de d\u00e9veloppement, les services communautaires et les services \u00e0 la jeunesse, ainsi que dans la psychoth\u00e9rapie en cabinet priv\u00e9. Je me sens honor\u00e9e chaque fois qu&rsquo;un client choisit de travailler avec moi et partage avec moi son parcours et sa croissance.  <\/p>\n<p>Pour moi, \u00eatre psychoth\u00e9rapeute signifie collaborer, \u00eatre et cheminer avec mes clients. J&rsquo;aime cette phrase tir\u00e9e de ma formation : \u00ab\u00a0Nous [les th\u00e9rapeutes] sommes des experts du processus, mais le client est l&rsquo;expert de lui-m\u00eame\u00a0\u00bb.  Je prends cela \u00e0 c\u0153ur et je pratique dans une perspective holistique, compatissante, bas\u00e9e sur la force, non pathologisante et inform\u00e9e des traumatismes. J&rsquo;int\u00e8gre un certain nombre d&rsquo;approches th\u00e9rapeutiques qui me passionnent, notamment la th\u00e9rapie IFS, l&rsquo;EMDR, la th\u00e9orie polyvagale et l&rsquo;art-th\u00e9rapie, ainsi que des approches plus ax\u00e9es sur le comportement et les comp\u00e9tences, telles que l&rsquo;entretien motivationnel, la TCC\/DBT et d&rsquo;autres, le cas \u00e9ch\u00e9ant.<\/p>\n<p>Je me concentre actuellement sur le travail avec des clients adultes en utilisant la th\u00e9rapie IFS et je supervise les th\u00e9rapeutes sur place qui travaillent avec des enfants de plus de 4 ans. Je suis sp\u00e9cialis\u00e9e dans le travail avec d&rsquo;autres th\u00e9rapeutes et avec des personnes souffrant d&rsquo;anxi\u00e9t\u00e9, d&rsquo;ant\u00e9c\u00e9dents de traumatismes, de deuil, de femmes ayant du mal \u00e0 concilier vie professionnelle et vie priv\u00e9e, d&rsquo;\u00e9puisement professionnel et de besoins li\u00e9s au retour au travail. J&rsquo;ai de l&rsquo;exp\u00e9rience dans le domaine de la d\u00e9pression, des difficult\u00e9s relationnelles, des troubles de l&rsquo;alimentation, de l&rsquo;estime de soi, etc.  <\/p>\n<p>Je suis psychoth\u00e9rapeute inscrite \u00e0 l&rsquo;Ordre des psychoth\u00e9rapeutes autoris\u00e9s de l&rsquo;Ontario (no 006026) et art-th\u00e9rapeute professionnelle de l&rsquo;Association canadienne d&rsquo;art-th\u00e9rapie. J&rsquo;ai obtenu une ma\u00eetrise en counseling avec sp\u00e9cialisation en art-th\u00e9rapie \u00e0 l&rsquo;Universit\u00e9 Athabasca : sp\u00e9cialisation en art-th\u00e9rapie de l&rsquo;Universit\u00e9 Athabasca, en collaboration avec l&rsquo;Institut d&rsquo;art-th\u00e9rapie de Vancouver. Je suis une th\u00e9rapeute EMDR approuv\u00e9e et une th\u00e9rapeute IFS (niveau 1).<\/p>\n<\/div><\/div><\/div><\/div><\/div>\n","protected":false},"excerpt":{"rendered":"","protected":false},"author":1,"featured_media":0,"parent":0,"menu_order":0,"comment_status":"closed","ping_status":"closed","template":"100-width.php","meta":{"footnotes":""},"class_list":["post-1640","page","type-page","status-publish","hentry"],"yoast_head":"<!-- This site is optimized with the Yoast SEO plugin v27.4 - https:\/\/yoast.com\/product\/yoast-seo-wordpress\/ -->\n<title>Melanie Herweyer - %.<\/title>\n<meta name=\"description\" content=\"J&#039;aide les personnes souffrant d&#039;anxi\u00e9t\u00e9, d&#039;ant\u00e9c\u00e9dents traumatiques, de deuil, les femmes qui luttent contre l&#039;\u00e9quilibre entre vie professionnelle et vie priv\u00e9e et l&#039;\u00e9puisement professionnel, et j&#039;utilise l&#039;art-th\u00e9rapie pour les enfants et les adolescents.\" \/>\n<meta name=\"robots\" content=\"index, follow, max-snippet:-1, max-image-preview:large, max-video-preview:-1\" \/>\n<link rel=\"canonical\" href=\"https:\/\/thelighthouse-lephare.ca\/fr\/melanie\/\" \/>\n<meta property=\"og:locale\" content=\"fr_FR\" \/>\n<meta property=\"og:type\" content=\"article\" \/>\n<meta property=\"og:title\" content=\"Melanie Herweyer - %.\" \/>\n<meta property=\"og:description\" content=\"J&#039;aide les personnes souffrant d&#039;anxi\u00e9t\u00e9, d&#039;ant\u00e9c\u00e9dents traumatiques, de deuil, les femmes qui luttent contre l&#039;\u00e9quilibre entre vie professionnelle et vie priv\u00e9e et l&#039;\u00e9puisement professionnel, et j&#039;utilise l&#039;art-th\u00e9rapie pour les enfants et les adolescents.\" \/>\n<meta property=\"og:url\" content=\"https:\/\/thelighthouse-lephare.ca\/fr\/melanie\/\" \/>\n<meta property=\"og:site_name\" content=\"The Lighthouse\" \/>\n<meta property=\"article:publisher\" content=\"https:\/\/www.facebook.com\/thelighthouse.lephare\" \/>\n<meta property=\"article:modified_time\" content=\"2025-12-23T20:13:37+00:00\" \/>\n<meta property=\"og:image\" content=\"https:\/\/thelighthouse-lephare.ca\/wp-content\/uploads\/2024\/01\/Natalie-1638-scaled.jpg\" \/>\n\t<meta property=\"og:image:width\" content=\"2560\" \/>\n\t<meta property=\"og:image:height\" content=\"1704\" \/>\n\t<meta property=\"og:image:type\" content=\"image\/jpeg\" \/>\n<meta name=\"twitter:card\" content=\"summary_large_image\" \/>\n<meta name=\"twitter:label1\" content=\"Dur\u00e9e de lecture estim\u00e9e\" \/>\n\t<meta name=\"twitter:data1\" content=\"11 minutes\" \/>\n<script type=\"application\/ld+json\" class=\"yoast-schema-graph\">{\"@context\":\"https:\\\/\\\/schema.org\",\"@graph\":[{\"@type\":\"WebPage\",\"@id\":\"https:\\\/\\\/thelighthouse-lephare.ca\\\/fr\\\/melanie\\\/\",\"url\":\"https:\\\/\\\/thelighthouse-lephare.ca\\\/fr\\\/melanie\\\/\",\"name\":\"Melanie Herweyer - %.\",\"isPartOf\":{\"@id\":\"https:\\\/\\\/thelighthouse-lephare.ca\\\/#website\"},\"datePublished\":\"2024-01-03T18:47:08+00:00\",\"dateModified\":\"2025-12-23T20:13:37+00:00\",\"description\":\"J'aide les personnes souffrant d'anxi\u00e9t\u00e9, d'ant\u00e9c\u00e9dents traumatiques, de deuil, les femmes qui luttent contre l'\u00e9quilibre entre vie professionnelle et vie priv\u00e9e et l'\u00e9puisement professionnel, et j'utilise l'art-th\u00e9rapie pour les enfants et les adolescents.\",\"breadcrumb\":{\"@id\":\"https:\\\/\\\/thelighthouse-lephare.ca\\\/fr\\\/melanie\\\/#breadcrumb\"},\"inLanguage\":\"fr-FR\",\"potentialAction\":[{\"@type\":\"ReadAction\",\"target\":[\"https:\\\/\\\/thelighthouse-lephare.ca\\\/fr\\\/melanie\\\/\"]}]},{\"@type\":\"BreadcrumbList\",\"@id\":\"https:\\\/\\\/thelighthouse-lephare.ca\\\/fr\\\/melanie\\\/#breadcrumb\",\"itemListElement\":[{\"@type\":\"ListItem\",\"position\":1,\"name\":\"Home\",\"item\":\"https:\\\/\\\/thelighthouse-lephare.ca\\\/fr\\\/accueil\\\/\"},{\"@type\":\"ListItem\",\"position\":2,\"name\":\"M\u00e9lanie\"}]},{\"@type\":\"WebSite\",\"@id\":\"https:\\\/\\\/thelighthouse-lephare.ca\\\/#website\",\"url\":\"https:\\\/\\\/thelighthouse-lephare.ca\\\/\",\"name\":\"The Lighthouse-Lephare\",\"description\":\"Counselling and Psychotherapy\",\"publisher\":{\"@id\":\"https:\\\/\\\/thelighthouse-lephare.ca\\\/#organization\"},\"potentialAction\":[{\"@type\":\"SearchAction\",\"target\":{\"@type\":\"EntryPoint\",\"urlTemplate\":\"https:\\\/\\\/thelighthouse-lephare.ca\\\/?s={search_term_string}\"},\"query-input\":{\"@type\":\"PropertyValueSpecification\",\"valueRequired\":true,\"valueName\":\"search_term_string\"}}],\"inLanguage\":\"fr-FR\"},{\"@type\":\"Organization\",\"@id\":\"https:\\\/\\\/thelighthouse-lephare.ca\\\/#organization\",\"name\":\"The Lighthouse-Lephare Counselling and Psychotherapy\",\"alternateName\":\"The Lighthouse-Lephare\",\"url\":\"https:\\\/\\\/thelighthouse-lephare.ca\\\/\",\"logo\":{\"@type\":\"ImageObject\",\"inLanguage\":\"fr-FR\",\"@id\":\"https:\\\/\\\/thelighthouse-lephare.ca\\\/#\\\/schema\\\/logo\\\/image\\\/\",\"url\":\"https:\\\/\\\/thelighthouse-lephare.ca\\\/wp-content\\\/uploads\\\/2024\\\/01\\\/thelighthouse.jpg\",\"contentUrl\":\"https:\\\/\\\/thelighthouse-lephare.ca\\\/wp-content\\\/uploads\\\/2024\\\/01\\\/thelighthouse.jpg\",\"width\":1200,\"height\":799,\"caption\":\"The Lighthouse-Lephare Counselling and Psychotherapy\"},\"image\":{\"@id\":\"https:\\\/\\\/thelighthouse-lephare.ca\\\/#\\\/schema\\\/logo\\\/image\\\/\"},\"sameAs\":[\"https:\\\/\\\/www.facebook.com\\\/thelighthouse.lephare\",\"https:\\\/\\\/www.instagram.com\\\/thelighthouselephare\\\/\"]}]}<\/script>\n<!-- \/ Yoast SEO plugin. -->","yoast_head_json":{"title":"Melanie Herweyer - %.","description":"J'aide les personnes souffrant d'anxi\u00e9t\u00e9, d'ant\u00e9c\u00e9dents traumatiques, de deuil, les femmes qui luttent contre l'\u00e9quilibre entre vie professionnelle et vie priv\u00e9e et l'\u00e9puisement professionnel, et j'utilise l'art-th\u00e9rapie pour les enfants et les adolescents.","robots":{"index":"index","follow":"follow","max-snippet":"max-snippet:-1","max-image-preview":"max-image-preview:large","max-video-preview":"max-video-preview:-1"},"canonical":"https:\/\/thelighthouse-lephare.ca\/fr\/melanie\/","og_locale":"fr_FR","og_type":"article","og_title":"Melanie Herweyer - %.","og_description":"J'aide les personnes souffrant d'anxi\u00e9t\u00e9, d'ant\u00e9c\u00e9dents traumatiques, de deuil, les femmes qui luttent contre l'\u00e9quilibre entre vie professionnelle et vie priv\u00e9e et l'\u00e9puisement professionnel, et j'utilise l'art-th\u00e9rapie pour les enfants et les adolescents.","og_url":"https:\/\/thelighthouse-lephare.ca\/fr\/melanie\/","og_site_name":"The Lighthouse","article_publisher":"https:\/\/www.facebook.com\/thelighthouse.lephare","article_modified_time":"2025-12-23T20:13:37+00:00","og_image":[{"width":2560,"height":1704,"url":"https:\/\/thelighthouse-lephare.ca\/wp-content\/uploads\/2024\/01\/Natalie-1638-scaled.jpg","type":"image\/jpeg"}],"twitter_card":"summary_large_image","twitter_misc":{"Dur\u00e9e de lecture estim\u00e9e":"11 minutes"},"schema":{"@context":"https:\/\/schema.org","@graph":[{"@type":"WebPage","@id":"https:\/\/thelighthouse-lephare.ca\/fr\/melanie\/","url":"https:\/\/thelighthouse-lephare.ca\/fr\/melanie\/","name":"Melanie Herweyer - %.","isPartOf":{"@id":"https:\/\/thelighthouse-lephare.ca\/#website"},"datePublished":"2024-01-03T18:47:08+00:00","dateModified":"2025-12-23T20:13:37+00:00","description":"J'aide les personnes souffrant d'anxi\u00e9t\u00e9, d'ant\u00e9c\u00e9dents traumatiques, de deuil, les femmes qui luttent contre l'\u00e9quilibre entre vie professionnelle et vie priv\u00e9e et l'\u00e9puisement professionnel, et j'utilise l'art-th\u00e9rapie pour les enfants et les adolescents.","breadcrumb":{"@id":"https:\/\/thelighthouse-lephare.ca\/fr\/melanie\/#breadcrumb"},"inLanguage":"fr-FR","potentialAction":[{"@type":"ReadAction","target":["https:\/\/thelighthouse-lephare.ca\/fr\/melanie\/"]}]},{"@type":"BreadcrumbList","@id":"https:\/\/thelighthouse-lephare.ca\/fr\/melanie\/#breadcrumb","itemListElement":[{"@type":"ListItem","position":1,"name":"Home","item":"https:\/\/thelighthouse-lephare.ca\/fr\/accueil\/"},{"@type":"ListItem","position":2,"name":"M\u00e9lanie"}]},{"@type":"WebSite","@id":"https:\/\/thelighthouse-lephare.ca\/#website","url":"https:\/\/thelighthouse-lephare.ca\/","name":"The Lighthouse-Lephare","description":"Counselling and Psychotherapy","publisher":{"@id":"https:\/\/thelighthouse-lephare.ca\/#organization"},"potentialAction":[{"@type":"SearchAction","target":{"@type":"EntryPoint","urlTemplate":"https:\/\/thelighthouse-lephare.ca\/?s={search_term_string}"},"query-input":{"@type":"PropertyValueSpecification","valueRequired":true,"valueName":"search_term_string"}}],"inLanguage":"fr-FR"},{"@type":"Organization","@id":"https:\/\/thelighthouse-lephare.ca\/#organization","name":"The Lighthouse-Lephare Counselling and Psychotherapy","alternateName":"The Lighthouse-Lephare","url":"https:\/\/thelighthouse-lephare.ca\/","logo":{"@type":"ImageObject","inLanguage":"fr-FR","@id":"https:\/\/thelighthouse-lephare.ca\/#\/schema\/logo\/image\/","url":"https:\/\/thelighthouse-lephare.ca\/wp-content\/uploads\/2024\/01\/thelighthouse.jpg","contentUrl":"https:\/\/thelighthouse-lephare.ca\/wp-content\/uploads\/2024\/01\/thelighthouse.jpg","width":1200,"height":799,"caption":"The Lighthouse-Lephare Counselling and Psychotherapy"},"image":{"@id":"https:\/\/thelighthouse-lephare.ca\/#\/schema\/logo\/image\/"},"sameAs":["https:\/\/www.facebook.com\/thelighthouse.lephare","https:\/\/www.instagram.com\/thelighthouselephare\/"]}]}},"_links":{"self":[{"href":"https:\/\/thelighthouse-lephare.ca\/fr\/wp-json\/wp\/v2\/pages\/1640","targetHints":{"allow":["GET"]}}],"collection":[{"href":"https:\/\/thelighthouse-lephare.ca\/fr\/wp-json\/wp\/v2\/pages"}],"about":[{"href":"https:\/\/thelighthouse-lephare.ca\/fr\/wp-json\/wp\/v2\/types\/page"}],"author":[{"embeddable":true,"href":"https:\/\/thelighthouse-lephare.ca\/fr\/wp-json\/wp\/v2\/users\/1"}],"replies":[{"embeddable":true,"href":"https:\/\/thelighthouse-lephare.ca\/fr\/wp-json\/wp\/v2\/comments?post=1640"}],"version-history":[{"count":15,"href":"https:\/\/thelighthouse-lephare.ca\/fr\/wp-json\/wp\/v2\/pages\/1640\/revisions"}],"predecessor-version":[{"id":2880,"href":"https:\/\/thelighthouse-lephare.ca\/fr\/wp-json\/wp\/v2\/pages\/1640\/revisions\/2880"}],"wp:attachment":[{"href":"https:\/\/thelighthouse-lephare.ca\/fr\/wp-json\/wp\/v2\/media?parent=1640"}],"curies":[{"name":"wp","href":"https:\/\/api.w.org\/{rel}","templated":true}]}}