{"id":1630,"date":"2024-01-03T18:39:41","date_gmt":"2024-01-03T18:39:41","guid":{"rendered":"https:\/\/staging.thelighthouse-lephare.ca\/andree\/"},"modified":"2025-10-31T17:39:39","modified_gmt":"2025-10-31T17:39:39","slug":"andree","status":"publish","type":"page","link":"https:\/\/thelighthouse-lephare.ca\/fr\/andree\/","title":{"rendered":"Andr\u00e9e"},"content":{"rendered":"<div class=\"fusion-fullwidth fullwidth-box fusion-builder-row-1 fusion-flex-container has-pattern-background has-mask-background nonhundred-percent-fullwidth non-hundred-percent-height-scrolling gradient-container-1\" style=\"--awb-border-radius-top-left:0px;--awb-border-radius-top-right:0px;--awb-border-radius-bottom-right:0px;--awb-border-radius-bottom-left:0px;--awb-padding-top:80px;--awb-padding-bottom:80px;--awb-background-color:var(--awb-color2);--awb-flex-wrap:wrap;\" ><div class=\"fusion-builder-row fusion-row fusion-flex-align-items-flex-start fusion-flex-justify-content-center fusion-flex-content-wrap\" style=\"max-width:1248px;margin-left: calc(-4% \/ 2 );margin-right: calc(-4% \/ 2 );\"><div class=\"fusion-layout-column fusion_builder_column fusion-builder-column-0 awb-sticky awb-sticky-large fusion_builder_column_1_2 1_2 fusion-flex-column\" style=\"--awb-bg-size:cover;--awb-width-large:50%;--awb-margin-top-large:0px;--awb-spacing-right-large:3.84%;--awb-margin-bottom-large:20px;--awb-spacing-left-large:3.84%;--awb-width-medium:50%;--awb-order-medium:0;--awb-spacing-right-medium:3.84%;--awb-spacing-left-medium:3.84%;--awb-width-small:100%;--awb-order-small:0;--awb-spacing-right-small:1.92%;--awb-spacing-left-small:1.92%;\" data-scroll-devices=\"small-visibility,medium-visibility,large-visibility\"><div class=\"fusion-column-wrapper fusion-column-has-shadow fusion-flex-justify-content-flex-start fusion-content-layout-column\"><div class=\"fusion-image-element \" style=\"--awb-caption-title-font-family:var(--h2_typography-font-family);--awb-caption-title-font-weight:var(--h2_typography-font-weight);--awb-caption-title-font-style:var(--h2_typography-font-style);--awb-caption-title-size:var(--h2_typography-font-size);--awb-caption-title-transform:var(--h2_typography-text-transform);--awb-caption-title-line-height:var(--h2_typography-line-height);--awb-caption-title-letter-spacing:var(--h2_typography-letter-spacing);\"><span class=\" fusion-imageframe imageframe-none imageframe-1 hover-type-none\"><img decoding=\"async\" width=\"540\" height=\"810\" title=\"Natalie-11060-Edit-Copy1\" src=\"https:\/\/thelighthouse-lephare.ca\/wp-content\/uploads\/2024\/01\/Natalie-11060-Edit-Copy1.webp\" alt class=\"img-responsive wp-image-1337\" srcset=\"https:\/\/thelighthouse-lephare.ca\/wp-content\/uploads\/2024\/01\/Natalie-11060-Edit-Copy1-200x300.webp 200w, https:\/\/thelighthouse-lephare.ca\/wp-content\/uploads\/2024\/01\/Natalie-11060-Edit-Copy1-400x600.webp 400w, https:\/\/thelighthouse-lephare.ca\/wp-content\/uploads\/2024\/01\/Natalie-11060-Edit-Copy1.webp 540w\" sizes=\"(max-width: 640px) 100vw, 540px\" \/><\/span><\/div><\/div><\/div><div class=\"fusion-layout-column fusion_builder_column fusion-builder-column-1 fusion_builder_column_1_2 1_2 fusion-flex-column\" style=\"--awb-bg-size:cover;--awb-width-large:50%;--awb-margin-top-large:0px;--awb-spacing-right-large:3.84%;--awb-margin-bottom-large:20px;--awb-spacing-left-large:3.84%;--awb-width-medium:50%;--awb-order-medium:0;--awb-spacing-right-medium:3.84%;--awb-spacing-left-medium:3.84%;--awb-width-small:100%;--awb-order-small:0;--awb-spacing-right-small:1.92%;--awb-spacing-left-small:1.92%;\"><div class=\"fusion-column-wrapper fusion-column-has-shadow fusion-flex-justify-content-flex-start fusion-content-layout-column\"><div class=\"fusion-title title fusion-title-1 fusion-sep-none fusion-title-text fusion-title-size-two\" style=\"--awb-margin-top-small:10px;--awb-margin-right-small:0px;--awb-margin-bottom-small:10px;--awb-margin-left-small:0px;\"><h2 class=\"fusion-title-heading title-heading-left\" style=\"margin:0;\">Andr\u00e9e Leduc, MACP<\/h2><\/div><div class=\"fusion-title title fusion-title-2 fusion-sep-none fusion-title-text fusion-title-size-six\" style=\"--awb-margin-top-small:10px;--awb-margin-right-small:0px;--awb-margin-bottom-small:10px;--awb-margin-left-small:0px;\"><h6 class=\"fusion-title-heading title-heading-left\" style=\"margin:0;\">Psychoth\u00e9rapeute agr\u00e9\u00e9<\/h6><\/div><div class=\"fusion-text fusion-text-1\"><p>Offre de services en anglais et en fran\u00e7ais<\/p>\n<\/div><div class=\"elegant-dual-button elegant-align-left\"><div class=\"elegant-dual-button-first\"><div ><a class=\"fusion-button button-flat fusion-button-default-size button-default fusion-button-default button-1 fusion-button-default-span fusion-button-default-type\" target=\"_self\" href=\"mailto:andree@thelighthouse-lephare.ca\"><span class=\"fusion-button-text awb-button__text awb-button__text--default\">Email Me<\/span><\/a><\/div><div class=\"elegant-dual-button-separator elegant-separator-type-string\" style=\"background-color:#ffffff;color:var(--awb-color4);font-family: &#039;Open Sans&#039; ;font-weight: 400;\"><span class=\"elegant-dual-button-separator-text\">OR<\/span><\/div><\/div><div class=\"elegant-dual-button-last\"><div ><a class=\"fusion-button button-flat fusion-button-default-size button-default fusion-button-default button-2 fusion-button-default-span fusion-button-default-type\" target=\"_self\" href=\"tel:6132580880\"><span class=\"fusion-button-text awb-button__text awb-button__text--default\">Call 613-258-0880<\/span><\/a><\/div><\/div><\/div><div class=\"fusion-separator fusion-full-width-sep\" style=\"align-self: center;margin-left: auto;margin-right: auto;margin-top:30px;width:100%;\"><\/div><div class=\"fusion-image-element \" style=\"--awb-caption-title-font-family:var(--h2_typography-font-family);--awb-caption-title-font-weight:var(--h2_typography-font-weight);--awb-caption-title-font-style:var(--h2_typography-font-style);--awb-caption-title-size:var(--h2_typography-font-size);--awb-caption-title-transform:var(--h2_typography-text-transform);--awb-caption-title-line-height:var(--h2_typography-line-height);--awb-caption-title-letter-spacing:var(--h2_typography-letter-spacing);\"><span class=\" fusion-imageframe imageframe-none imageframe-2 hover-type-none\"><a class=\"fusion-no-lightbox\" href=\"https:\/\/www.psychologytoday.com\/ca\/therapists\/andree-leduc-kemptville-on\/1072219\" target=\"_blank\" rel=\"noopener noreferrer\"><img decoding=\"async\" width=\"180\" height=\"58\" src=\"https:\/\/thelighthouse-lephare.ca\/wp-content\/uploads\/2023\/12\/psychologytoday.png\" alt class=\"img-responsive wp-image-1100\" srcset=\"https:\/\/thelighthouse-lephare.ca\/wp-content\/uploads\/2023\/12\/psychologytoday-177x58.png 177w, https:\/\/thelighthouse-lephare.ca\/wp-content\/uploads\/2023\/12\/psychologytoday.png 180w\" sizes=\"(max-width: 180px) 100vw, 180px\" \/><\/a><\/span><\/div><div class=\"fusion-separator fusion-full-width-sep\" style=\"align-self: center;margin-left: auto;margin-right: auto;margin-top:30px;width:100%;\"><\/div><div class=\"fusion-text fusion-text-2\"><p>Je pense que chacun devrait avoir la possibilit\u00e9 d&rsquo;apprendre le fonctionnement de son propre esprit et de comprendre ses \u00e9motions et ses comportements. Cela peut vraiment aider \u00e0 comprendre et \u00e0 int\u00e9rioriser le fait que chaque \u00e9motion est valable et peut nous aider \u00e0 diminuer ou \u00e0 \u00e9liminer l&rsquo;auto-jugement ou le discours n\u00e9gatif sur soi. Je suis \u00e9galement convaincue que les liens humains ont des vertus curatives. Dans la pratique, j&rsquo;utilise une approche holistique centr\u00e9e sur le client et je m&rsquo;engage \u00e0 cr\u00e9er une relation th\u00e9rapeutique chaleureuse, sans jugement et collaborative afin que vous vous sentiez en s\u00e9curit\u00e9 et respect\u00e9. Ensemble, nous explorerons vos exp\u00e9riences personnelles et vos luttes pour d\u00e9couvrir comment elles influencent votre bien-\u00eatre. Je m&rsquo;efforce de vous aider \u00e0 retrouver votre force et votre r\u00e9silience afin que vous puissiez apporter des changements durables et vivre la vie que vous souhaitez.<\/p>\n<p>En tant qu&rsquo;ancien agent des forces de l&rsquo;ordre, je suis dans une position unique pour comprendre les exp\u00e9riences des premiers intervenants de toutes les branches, et je suis tr\u00e8s passionn\u00e9 par l&rsquo;aide \u00e0 ceux qui peuvent \u00eatre confront\u00e9s aux facteurs de stress inh\u00e9rents \u00e0 ces professions, y compris le SSPT, les blessures li\u00e9es au stress op\u00e9rationnel, les blessures morales et le stress organisationnel. Je m&rsquo;efforce d&rsquo;aider et de soutenir mes clients qui peuvent \u00eatre confront\u00e9s \u00e0 des facteurs de stress et \u00e0 des maladies mentales telles que les difficult\u00e9s relationnelles, l&rsquo;infid\u00e9lit\u00e9, le deuil, les transitions de vie, l&rsquo;anxi\u00e9t\u00e9, la d\u00e9pression, le SSPT et le TSPT, etc.<\/p>\n<p>Lors des s\u00e9ances, j&rsquo;utilise une combinaison de psychodynamique, d&rsquo;attachement et de traumatisme. J&rsquo;ai re\u00e7u une formation en psychoth\u00e9rapie centr\u00e9e sur les \u00e9motions, en mod\u00e8le de syst\u00e8mes familiaux internes, en EMDR, en th\u00e9rapie cognitivo-comportementale, en th\u00e9rapie somatique et en th\u00e9rapie comportementale dialectique. Je suis psychoth\u00e9rapeute agr\u00e9\u00e9e par le CRPO et j&rsquo;ai obtenu une ma\u00eetrise en psychologie du counselling \u00e0 l&rsquo;Universit\u00e9 Yorkville. Je suis aussi bilingue.<\/p>\n<\/div><\/div><\/div><\/div><\/div>\n","protected":false},"excerpt":{"rendered":"","protected":false},"author":1,"featured_media":0,"parent":0,"menu_order":0,"comment_status":"closed","ping_status":"closed","template":"100-width.php","meta":{"footnotes":""},"class_list":["post-1630","page","type-page","status-publish","hentry"],"yoast_head":"<!-- This site is optimized with the Yoast SEO plugin v27.4 - https:\/\/yoast.com\/product\/yoast-seo-wordpress\/ -->\n<title>Andr\u00e9e Leduc %sepsitename%%.<\/title>\n<meta name=\"description\" content=\"Soutenir les personnes qui peuvent \u00eatre confront\u00e9es \u00e0 des facteurs de stress et \u00e0 des maladies mentales telles que les difficult\u00e9s relationnelles, l&#039;infid\u00e9lit\u00e9, le deuil, les transitions de vie, l&#039;anxi\u00e9t\u00e9, la d\u00e9pression, le syndrome de stress post-traumatique (SSPT) et le syndrome de stress post-traumatique (SSPT-C), etc.\" \/>\n<meta name=\"robots\" content=\"index, follow, max-snippet:-1, max-image-preview:large, max-video-preview:-1\" \/>\n<link rel=\"canonical\" href=\"https:\/\/thelighthouse-lephare.ca\/fr\/andree\/\" \/>\n<meta property=\"og:locale\" content=\"fr_FR\" \/>\n<meta property=\"og:type\" content=\"article\" \/>\n<meta property=\"og:title\" content=\"Andr\u00e9e Leduc %sepsitename%%.\" \/>\n<meta property=\"og:description\" content=\"Soutenir les personnes qui peuvent \u00eatre confront\u00e9es \u00e0 des facteurs de stress et \u00e0 des maladies mentales telles que les difficult\u00e9s relationnelles, l&#039;infid\u00e9lit\u00e9, le deuil, les transitions de vie, l&#039;anxi\u00e9t\u00e9, la d\u00e9pression, le syndrome de stress post-traumatique (SSPT) et le syndrome de stress post-traumatique (SSPT-C), etc.\" \/>\n<meta property=\"og:url\" content=\"https:\/\/thelighthouse-lephare.ca\/fr\/andree\/\" \/>\n<meta property=\"og:site_name\" content=\"The Lighthouse\" \/>\n<meta property=\"article:publisher\" content=\"https:\/\/www.facebook.com\/thelighthouse.lephare\" \/>\n<meta property=\"article:modified_time\" content=\"2025-10-31T17:39:39+00:00\" \/>\n<meta property=\"og:image\" content=\"https:\/\/thelighthouse-lephare.ca\/wp-content\/uploads\/2024\/01\/Natalie-1638-scaled.jpg\" \/>\n\t<meta property=\"og:image:width\" content=\"2560\" \/>\n\t<meta property=\"og:image:height\" content=\"1704\" \/>\n\t<meta property=\"og:image:type\" content=\"image\/jpeg\" \/>\n<meta name=\"twitter:card\" content=\"summary_large_image\" \/>\n<meta name=\"twitter:label1\" content=\"Dur\u00e9e de lecture estim\u00e9e\" \/>\n\t<meta name=\"twitter:data1\" content=\"11 minutes\" \/>\n<script type=\"application\/ld+json\" class=\"yoast-schema-graph\">{\"@context\":\"https:\\\/\\\/schema.org\",\"@graph\":[{\"@type\":\"WebPage\",\"@id\":\"https:\\\/\\\/thelighthouse-lephare.ca\\\/fr\\\/andree\\\/\",\"url\":\"https:\\\/\\\/thelighthouse-lephare.ca\\\/fr\\\/andree\\\/\",\"name\":\"Andr\u00e9e Leduc %sepsitename%%.\",\"isPartOf\":{\"@id\":\"https:\\\/\\\/thelighthouse-lephare.ca\\\/#website\"},\"datePublished\":\"2024-01-03T18:39:41+00:00\",\"dateModified\":\"2025-10-31T17:39:39+00:00\",\"description\":\"Soutenir les personnes qui peuvent \u00eatre confront\u00e9es \u00e0 des facteurs de stress et \u00e0 des maladies mentales telles que les difficult\u00e9s relationnelles, l'infid\u00e9lit\u00e9, le deuil, les transitions de vie, l'anxi\u00e9t\u00e9, la d\u00e9pression, le syndrome de stress post-traumatique (SSPT) et le syndrome de stress post-traumatique (SSPT-C), etc.\",\"breadcrumb\":{\"@id\":\"https:\\\/\\\/thelighthouse-lephare.ca\\\/fr\\\/andree\\\/#breadcrumb\"},\"inLanguage\":\"fr-FR\",\"potentialAction\":[{\"@type\":\"ReadAction\",\"target\":[\"https:\\\/\\\/thelighthouse-lephare.ca\\\/fr\\\/andree\\\/\"]}]},{\"@type\":\"BreadcrumbList\",\"@id\":\"https:\\\/\\\/thelighthouse-lephare.ca\\\/fr\\\/andree\\\/#breadcrumb\",\"itemListElement\":[{\"@type\":\"ListItem\",\"position\":1,\"name\":\"Home\",\"item\":\"https:\\\/\\\/thelighthouse-lephare.ca\\\/fr\\\/accueil\\\/\"},{\"@type\":\"ListItem\",\"position\":2,\"name\":\"Andr\u00e9e\"}]},{\"@type\":\"WebSite\",\"@id\":\"https:\\\/\\\/thelighthouse-lephare.ca\\\/#website\",\"url\":\"https:\\\/\\\/thelighthouse-lephare.ca\\\/\",\"name\":\"The Lighthouse-Lephare\",\"description\":\"Counselling and Psychotherapy\",\"publisher\":{\"@id\":\"https:\\\/\\\/thelighthouse-lephare.ca\\\/#organization\"},\"potentialAction\":[{\"@type\":\"SearchAction\",\"target\":{\"@type\":\"EntryPoint\",\"urlTemplate\":\"https:\\\/\\\/thelighthouse-lephare.ca\\\/?s={search_term_string}\"},\"query-input\":{\"@type\":\"PropertyValueSpecification\",\"valueRequired\":true,\"valueName\":\"search_term_string\"}}],\"inLanguage\":\"fr-FR\"},{\"@type\":\"Organization\",\"@id\":\"https:\\\/\\\/thelighthouse-lephare.ca\\\/#organization\",\"name\":\"The Lighthouse-Lephare Counselling and Psychotherapy\",\"alternateName\":\"The Lighthouse-Lephare\",\"url\":\"https:\\\/\\\/thelighthouse-lephare.ca\\\/\",\"logo\":{\"@type\":\"ImageObject\",\"inLanguage\":\"fr-FR\",\"@id\":\"https:\\\/\\\/thelighthouse-lephare.ca\\\/#\\\/schema\\\/logo\\\/image\\\/\",\"url\":\"https:\\\/\\\/thelighthouse-lephare.ca\\\/wp-content\\\/uploads\\\/2024\\\/01\\\/thelighthouse.jpg\",\"contentUrl\":\"https:\\\/\\\/thelighthouse-lephare.ca\\\/wp-content\\\/uploads\\\/2024\\\/01\\\/thelighthouse.jpg\",\"width\":1200,\"height\":799,\"caption\":\"The Lighthouse-Lephare Counselling and Psychotherapy\"},\"image\":{\"@id\":\"https:\\\/\\\/thelighthouse-lephare.ca\\\/#\\\/schema\\\/logo\\\/image\\\/\"},\"sameAs\":[\"https:\\\/\\\/www.facebook.com\\\/thelighthouse.lephare\",\"https:\\\/\\\/www.instagram.com\\\/thelighthouselephare\\\/\"]}]}<\/script>\n<!-- \/ Yoast SEO plugin. -->","yoast_head_json":{"title":"Andr\u00e9e Leduc %sepsitename%%.","description":"Soutenir les personnes qui peuvent \u00eatre confront\u00e9es \u00e0 des facteurs de stress et \u00e0 des maladies mentales telles que les difficult\u00e9s relationnelles, l'infid\u00e9lit\u00e9, le deuil, les transitions de vie, l'anxi\u00e9t\u00e9, la d\u00e9pression, le syndrome de stress post-traumatique (SSPT) et le syndrome de stress post-traumatique (SSPT-C), etc.","robots":{"index":"index","follow":"follow","max-snippet":"max-snippet:-1","max-image-preview":"max-image-preview:large","max-video-preview":"max-video-preview:-1"},"canonical":"https:\/\/thelighthouse-lephare.ca\/fr\/andree\/","og_locale":"fr_FR","og_type":"article","og_title":"Andr\u00e9e Leduc %sepsitename%%.","og_description":"Soutenir les personnes qui peuvent \u00eatre confront\u00e9es \u00e0 des facteurs de stress et \u00e0 des maladies mentales telles que les difficult\u00e9s relationnelles, l'infid\u00e9lit\u00e9, le deuil, les transitions de vie, l'anxi\u00e9t\u00e9, la d\u00e9pression, le syndrome de stress post-traumatique (SSPT) et le syndrome de stress post-traumatique (SSPT-C), etc.","og_url":"https:\/\/thelighthouse-lephare.ca\/fr\/andree\/","og_site_name":"The Lighthouse","article_publisher":"https:\/\/www.facebook.com\/thelighthouse.lephare","article_modified_time":"2025-10-31T17:39:39+00:00","og_image":[{"width":2560,"height":1704,"url":"https:\/\/thelighthouse-lephare.ca\/wp-content\/uploads\/2024\/01\/Natalie-1638-scaled.jpg","type":"image\/jpeg"}],"twitter_card":"summary_large_image","twitter_misc":{"Dur\u00e9e de lecture estim\u00e9e":"11 minutes"},"schema":{"@context":"https:\/\/schema.org","@graph":[{"@type":"WebPage","@id":"https:\/\/thelighthouse-lephare.ca\/fr\/andree\/","url":"https:\/\/thelighthouse-lephare.ca\/fr\/andree\/","name":"Andr\u00e9e Leduc %sepsitename%%.","isPartOf":{"@id":"https:\/\/thelighthouse-lephare.ca\/#website"},"datePublished":"2024-01-03T18:39:41+00:00","dateModified":"2025-10-31T17:39:39+00:00","description":"Soutenir les personnes qui peuvent \u00eatre confront\u00e9es \u00e0 des facteurs de stress et \u00e0 des maladies mentales telles que les difficult\u00e9s relationnelles, l'infid\u00e9lit\u00e9, le deuil, les transitions de vie, l'anxi\u00e9t\u00e9, la d\u00e9pression, le syndrome de stress post-traumatique (SSPT) et le syndrome de stress post-traumatique (SSPT-C), etc.","breadcrumb":{"@id":"https:\/\/thelighthouse-lephare.ca\/fr\/andree\/#breadcrumb"},"inLanguage":"fr-FR","potentialAction":[{"@type":"ReadAction","target":["https:\/\/thelighthouse-lephare.ca\/fr\/andree\/"]}]},{"@type":"BreadcrumbList","@id":"https:\/\/thelighthouse-lephare.ca\/fr\/andree\/#breadcrumb","itemListElement":[{"@type":"ListItem","position":1,"name":"Home","item":"https:\/\/thelighthouse-lephare.ca\/fr\/accueil\/"},{"@type":"ListItem","position":2,"name":"Andr\u00e9e"}]},{"@type":"WebSite","@id":"https:\/\/thelighthouse-lephare.ca\/#website","url":"https:\/\/thelighthouse-lephare.ca\/","name":"The Lighthouse-Lephare","description":"Counselling and Psychotherapy","publisher":{"@id":"https:\/\/thelighthouse-lephare.ca\/#organization"},"potentialAction":[{"@type":"SearchAction","target":{"@type":"EntryPoint","urlTemplate":"https:\/\/thelighthouse-lephare.ca\/?s={search_term_string}"},"query-input":{"@type":"PropertyValueSpecification","valueRequired":true,"valueName":"search_term_string"}}],"inLanguage":"fr-FR"},{"@type":"Organization","@id":"https:\/\/thelighthouse-lephare.ca\/#organization","name":"The Lighthouse-Lephare Counselling and Psychotherapy","alternateName":"The Lighthouse-Lephare","url":"https:\/\/thelighthouse-lephare.ca\/","logo":{"@type":"ImageObject","inLanguage":"fr-FR","@id":"https:\/\/thelighthouse-lephare.ca\/#\/schema\/logo\/image\/","url":"https:\/\/thelighthouse-lephare.ca\/wp-content\/uploads\/2024\/01\/thelighthouse.jpg","contentUrl":"https:\/\/thelighthouse-lephare.ca\/wp-content\/uploads\/2024\/01\/thelighthouse.jpg","width":1200,"height":799,"caption":"The Lighthouse-Lephare Counselling and Psychotherapy"},"image":{"@id":"https:\/\/thelighthouse-lephare.ca\/#\/schema\/logo\/image\/"},"sameAs":["https:\/\/www.facebook.com\/thelighthouse.lephare","https:\/\/www.instagram.com\/thelighthouselephare\/"]}]}},"_links":{"self":[{"href":"https:\/\/thelighthouse-lephare.ca\/fr\/wp-json\/wp\/v2\/pages\/1630","targetHints":{"allow":["GET"]}}],"collection":[{"href":"https:\/\/thelighthouse-lephare.ca\/fr\/wp-json\/wp\/v2\/pages"}],"about":[{"href":"https:\/\/thelighthouse-lephare.ca\/fr\/wp-json\/wp\/v2\/types\/page"}],"author":[{"embeddable":true,"href":"https:\/\/thelighthouse-lephare.ca\/fr\/wp-json\/wp\/v2\/users\/1"}],"replies":[{"embeddable":true,"href":"https:\/\/thelighthouse-lephare.ca\/fr\/wp-json\/wp\/v2\/comments?post=1630"}],"version-history":[{"count":7,"href":"https:\/\/thelighthouse-lephare.ca\/fr\/wp-json\/wp\/v2\/pages\/1630\/revisions"}],"predecessor-version":[{"id":2819,"href":"https:\/\/thelighthouse-lephare.ca\/fr\/wp-json\/wp\/v2\/pages\/1630\/revisions\/2819"}],"wp:attachment":[{"href":"https:\/\/thelighthouse-lephare.ca\/fr\/wp-json\/wp\/v2\/media?parent=1630"}],"curies":[{"name":"wp","href":"https:\/\/api.w.org\/{rel}","templated":true}]}}