{"id":1615,"date":"2024-01-03T18:07:52","date_gmt":"2024-01-03T18:07:52","guid":{"rendered":"https:\/\/staging.thelighthouse-lephare.ca\/kayla\/"},"modified":"2025-12-23T20:16:50","modified_gmt":"2025-12-23T20:16:50","slug":"kayla","status":"publish","type":"page","link":"https:\/\/thelighthouse-lephare.ca\/fr\/kayla\/","title":{"rendered":"Kayla"},"content":{"rendered":"<div class=\"fusion-fullwidth fullwidth-box fusion-builder-row-1 fusion-flex-container has-pattern-background has-mask-background nonhundred-percent-fullwidth non-hundred-percent-height-scrolling gradient-container-1\" style=\"--awb-border-radius-top-left:0px;--awb-border-radius-top-right:0px;--awb-border-radius-bottom-right:0px;--awb-border-radius-bottom-left:0px;--awb-padding-top:80px;--awb-padding-bottom:80px;--awb-background-color:var(--awb-color2);--awb-flex-wrap:wrap;\" ><div class=\"fusion-builder-row fusion-row fusion-flex-align-items-flex-start fusion-flex-justify-content-center fusion-flex-content-wrap\" style=\"max-width:1248px;margin-left: calc(-4% \/ 2 );margin-right: calc(-4% \/ 2 );\"><div class=\"fusion-layout-column fusion_builder_column fusion-builder-column-0 awb-sticky awb-sticky-large fusion_builder_column_1_2 1_2 fusion-flex-column\" style=\"--awb-bg-size:cover;--awb-width-large:50%;--awb-margin-top-large:0px;--awb-spacing-right-large:3.84%;--awb-margin-bottom-large:20px;--awb-spacing-left-large:3.84%;--awb-width-medium:50%;--awb-order-medium:0;--awb-spacing-right-medium:3.84%;--awb-spacing-left-medium:3.84%;--awb-width-small:100%;--awb-order-small:0;--awb-spacing-right-small:1.92%;--awb-spacing-left-small:1.92%;\" data-scroll-devices=\"small-visibility,medium-visibility,large-visibility\"><div class=\"fusion-column-wrapper fusion-column-has-shadow fusion-flex-justify-content-flex-start fusion-content-layout-column\"><div class=\"fusion-image-element \" style=\"--awb-caption-title-font-family:var(--h2_typography-font-family);--awb-caption-title-font-weight:var(--h2_typography-font-weight);--awb-caption-title-font-style:var(--h2_typography-font-style);--awb-caption-title-size:var(--h2_typography-font-size);--awb-caption-title-transform:var(--h2_typography-text-transform);--awb-caption-title-line-height:var(--h2_typography-line-height);--awb-caption-title-letter-spacing:var(--h2_typography-letter-spacing);\"><span class=\" fusion-imageframe imageframe-none imageframe-1 hover-type-none\"><img decoding=\"async\" width=\"624\" height=\"934\" title=\"Natalie-10962-Edit-Copy1\" src=\"https:\/\/thelighthouse-lephare.ca\/wp-content\/uploads\/2024\/01\/Natalie-10962-Edit-Copy1.webp\" alt class=\"img-responsive wp-image-1323\" srcset=\"https:\/\/thelighthouse-lephare.ca\/wp-content\/uploads\/2024\/01\/Natalie-10962-Edit-Copy1-200x299.webp 200w, https:\/\/thelighthouse-lephare.ca\/wp-content\/uploads\/2024\/01\/Natalie-10962-Edit-Copy1-400x599.webp 400w, https:\/\/thelighthouse-lephare.ca\/wp-content\/uploads\/2024\/01\/Natalie-10962-Edit-Copy1-600x898.webp 600w, https:\/\/thelighthouse-lephare.ca\/wp-content\/uploads\/2024\/01\/Natalie-10962-Edit-Copy1.webp 624w\" sizes=\"(max-width: 640px) 100vw, 600px\" \/><\/span><\/div><div class=\"fusion-separator fusion-full-width-sep\" style=\"align-self: center;margin-left: auto;margin-right: auto;margin-top:30px;width:100%;\"><\/div><div class=\"fusion-video fusion-youtube\" style=\"--awb-max-width:600px;--awb-max-height:360px;\"><div class=\"video-shortcode\"><div class=\"fluid-width-video-wrapper\" style=\"padding-top:60%;\" ><iframe title=\"YouTube video player 1\" src=\"https:\/\/www.youtube.com\/embed\/JavHYqsjg1s?wmode=transparent&autoplay=0\" width=\"600\" height=\"360\" allowfullscreen allow=\"autoplay; clipboard-write; encrypted-media; gyroscope; picture-in-picture;\"><\/iframe><\/div><\/div><\/div><\/div><\/div><div class=\"fusion-layout-column fusion_builder_column fusion-builder-column-1 fusion_builder_column_1_2 1_2 fusion-flex-column\" style=\"--awb-bg-size:cover;--awb-width-large:50%;--awb-margin-top-large:0px;--awb-spacing-right-large:3.84%;--awb-margin-bottom-large:20px;--awb-spacing-left-large:3.84%;--awb-width-medium:50%;--awb-order-medium:0;--awb-spacing-right-medium:3.84%;--awb-spacing-left-medium:3.84%;--awb-width-small:100%;--awb-order-small:0;--awb-spacing-right-small:1.92%;--awb-spacing-left-small:1.92%;\"><div class=\"fusion-column-wrapper fusion-column-has-shadow fusion-flex-justify-content-flex-start fusion-content-layout-column\"><div class=\"fusion-title title fusion-title-1 fusion-sep-none fusion-title-text fusion-title-size-two\" style=\"--awb-margin-top-small:10px;--awb-margin-right-small:0px;--awb-margin-bottom-small:10px;--awb-margin-left-small:0px;\"><h2 class=\"fusion-title-heading title-heading-left\" style=\"margin:0;\">Kayla Walsh, MACP, RP<\/h2><\/div><div class=\"fusion-title title fusion-title-2 fusion-sep-none fusion-title-text fusion-title-size-six\" style=\"--awb-margin-top-small:10px;--awb-margin-right-small:0px;--awb-margin-bottom-small:10px;--awb-margin-left-small:0px;\"><h6 class=\"fusion-title-heading title-heading-left\" style=\"margin:0;\">Psychoth\u00e9rapeute agr\u00e9\u00e9<\/h6><\/div><div class=\"elegant-dual-button elegant-align-left\"><div class=\"elegant-dual-button-first\"><div ><a class=\"fusion-button button-flat fusion-button-default-size button-default fusion-button-default button-1 fusion-button-default-span fusion-button-default-type\" target=\"_self\" href=\"mailto:kayla@thelighthouse-lephare.ca\"><span class=\"fusion-button-text awb-button__text awb-button__text--default\">Email Me<\/span><\/a><\/div><div class=\"elegant-dual-button-separator elegant-separator-type-string\" style=\"background-color:#ffffff;color:var(--awb-color4);font-family: &#039;Open Sans&#039; ;font-weight: 400;\"><span class=\"elegant-dual-button-separator-text\">OR<\/span><\/div><\/div><div class=\"elegant-dual-button-last\"><div ><a class=\"fusion-button button-flat fusion-button-default-size button-default fusion-button-default button-2 fusion-button-default-span fusion-button-default-type\" target=\"_self\" href=\"tel:18002802149\"><span class=\"fusion-button-text awb-button__text awb-button__text--default\">Call 1-800-280-2149<\/span><\/a><\/div><\/div><\/div><div class=\"fusion-separator fusion-full-width-sep\" style=\"align-self: center;margin-left: auto;margin-right: auto;margin-top:30px;width:100%;\"><\/div><div class=\"fusion-image-element \" style=\"--awb-caption-title-font-family:var(--h2_typography-font-family);--awb-caption-title-font-weight:var(--h2_typography-font-weight);--awb-caption-title-font-style:var(--h2_typography-font-style);--awb-caption-title-size:var(--h2_typography-font-size);--awb-caption-title-transform:var(--h2_typography-text-transform);--awb-caption-title-line-height:var(--h2_typography-line-height);--awb-caption-title-letter-spacing:var(--h2_typography-letter-spacing);\"><span class=\" fusion-imageframe imageframe-none imageframe-2 hover-type-none\"><a class=\"fusion-no-lightbox\" href=\"https:\/\/www.psychologytoday.com\/ca\/therapists\/kayla-walsh-kingston-on\/964993\" target=\"_blank\" rel=\"noopener noreferrer\"><img decoding=\"async\" width=\"180\" height=\"58\" src=\"https:\/\/thelighthouse-lephare.ca\/wp-content\/uploads\/2023\/12\/psychologytoday.png\" alt class=\"img-responsive wp-image-1100\" srcset=\"https:\/\/thelighthouse-lephare.ca\/wp-content\/uploads\/2023\/12\/psychologytoday-177x58.png 177w, https:\/\/thelighthouse-lephare.ca\/wp-content\/uploads\/2023\/12\/psychologytoday.png 180w\" sizes=\"(max-width: 180px) 100vw, 180px\" \/><\/a><\/span><\/div><div class=\"fusion-separator fusion-full-width-sep\" style=\"align-self: center;margin-left: auto;margin-right: auto;margin-top:30px;width:100%;\"><\/div><div class=\"fusion-text fusion-text-1\"><p class=\"font_8 wixui-rich-text__text\"><span class=\"color_15 wixui-rich-text__text\"><span class=\"wixui-rich-text__text\">Favoriser des relations s\u00fbres, confortables et collaboratives est au c\u0153ur de mon travail avec les clients en psychoth\u00e9rapie. Je crois fermement au d\u00e9veloppement d&rsquo;une relation de confiance o\u00f9 les clients se sentent en s\u00e9curit\u00e9 pour partager, explorer et ressentir leurs \u00e9motions, et c&rsquo;est mon privil\u00e8ge d&rsquo;\u00eatre pr\u00e9sente \u00e0 leurs c\u00f4t\u00e9s tout au long de ce processus. En utilisant une approche centr\u00e9e sur le client et tenant compte des traumatismes, mon objectif est de travailler en collaboration avec chaque client, d&rsquo;identifier les probl\u00e8mes, de fixer des objectifs et de travailler \u00e0 leur r\u00e9alisation afin d&rsquo;apporter un changement positif dans leur vie.<\/span><\/span><\/p>\n<p class=\"font_8 wixui-rich-text__text\"><span class=\"color_15 wixui-rich-text__text\"><span class=\"wixui-rich-text__text\">J&rsquo;ai travaill\u00e9 comme conseill\u00e8re en toxicomanie et comme gestionnaire de cas de sant\u00e9 mentale dans le syst\u00e8me de justice p\u00e9nale. Ces exp\u00e9riences professionnelles ont fait na\u00eetre en moi le d\u00e9sir d&rsquo;aller plus loin avec les clients, en les aidant \u00e0 identifier et \u00e0 comprendre comment les exp\u00e9riences de vie ant\u00e9rieures continuent de nous affecter aujourd&rsquo;hui, en jouant un r\u00f4le dans les relations, les comportements, la sant\u00e9 mentale, etc. Je suis retourn\u00e9e \u00e0 l&rsquo;\u00e9cole pour obtenir une ma\u00eetrise en psychologie du counselling \u00e0 l&rsquo;Universit\u00e9 Yorkville.<\/span><\/span><\/p>\n<p class=\"font_8 wixui-rich-text__text\"><span class=\"color_15 wixui-rich-text__text\"><span class=\"wixui-rich-text__text\">Je pratique maintenant la psychoth\u00e9rapie en tenant compte des traumatismes, en adaptant les services aux besoins de chaque client. Je travaille avec des adultes et j&rsquo;ai de l&rsquo;exp\u00e9rience dans l&rsquo;accompagnement de clients pr\u00e9sentant une vari\u00e9t\u00e9 de probl\u00e8mes, y compris les survivants de traumatismes et d&rsquo;abus, les personnes faisant face \u00e0 la d\u00e9pression, \u00e0 l&rsquo;anxi\u00e9t\u00e9, \u00e0 l&rsquo;usage\/abus de substances, au SSPT, au deuil et \u00e0 la perte, ainsi qu&rsquo;\u00e0 l&rsquo;estime de soi. J&rsquo;incorpore une vari\u00e9t\u00e9 de modalit\u00e9s th\u00e9rapeutiques, y compris la TCC, la TCD, la th\u00e9rapie narrative et la th\u00e9rapie ax\u00e9e sur les forces et les solutions.<\/span><\/span><\/p>\n<p class=\"font_8 wixui-rich-text__text\"><span class=\"color_15 wixui-rich-text__text\"><span class=\"wixui-rich-text__text\">Je suis psychoth\u00e9rapeute agr\u00e9\u00e9 et membre de l&rsquo;Association canadienne de counseling et de psychoth\u00e9rapie.<\/span><\/span><\/p>\n<\/div><\/div><\/div><\/div><\/div>\n","protected":false},"excerpt":{"rendered":"","protected":false},"author":1,"featured_media":0,"parent":0,"menu_order":0,"comment_status":"closed","ping_status":"closed","template":"100-width.php","meta":{"footnotes":""},"class_list":["post-1615","page","type-page","status-publish","hentry"],"yoast_head":"<!-- This site is optimized with the Yoast SEO plugin v27.4 - https:\/\/yoast.com\/product\/yoast-seo-wordpress\/ -->\n<title>Kayla Walsh - The Lighthouse.<\/title>\n<meta name=\"description\" content=\"Je travaille avec des adultes et j&#039;ai de l&#039;exp\u00e9rience dans l&#039;accompagnement de clients pr\u00e9sentant une vari\u00e9t\u00e9 de probl\u00e8mes, y compris les survivants de traumatismes et d&#039;abus, les personnes faisant face \u00e0 la d\u00e9pression, \u00e0 l&#039;anxi\u00e9t\u00e9, \u00e0 l&#039;usage\/abus de substances, au SSPT, au deuil et \u00e0 la perte, ainsi qu&#039;\u00e0 l&#039;estime de soi.\" \/>\n<meta name=\"robots\" content=\"index, follow, max-snippet:-1, max-image-preview:large, max-video-preview:-1\" \/>\n<link rel=\"canonical\" href=\"https:\/\/thelighthouse-lephare.ca\/fr\/kayla\/\" \/>\n<meta property=\"og:locale\" content=\"fr_FR\" \/>\n<meta property=\"og:type\" content=\"article\" \/>\n<meta property=\"og:title\" content=\"Kayla Walsh - The Lighthouse.\" \/>\n<meta property=\"og:description\" content=\"Je travaille avec des adultes et j&#039;ai de l&#039;exp\u00e9rience dans l&#039;accompagnement de clients pr\u00e9sentant une vari\u00e9t\u00e9 de probl\u00e8mes, y compris les survivants de traumatismes et d&#039;abus, les personnes faisant face \u00e0 la d\u00e9pression, \u00e0 l&#039;anxi\u00e9t\u00e9, \u00e0 l&#039;usage\/abus de substances, au SSPT, au deuil et \u00e0 la perte, ainsi qu&#039;\u00e0 l&#039;estime de soi.\" \/>\n<meta property=\"og:url\" content=\"https:\/\/thelighthouse-lephare.ca\/fr\/kayla\/\" \/>\n<meta property=\"og:site_name\" content=\"The Lighthouse\" \/>\n<meta property=\"article:publisher\" content=\"https:\/\/www.facebook.com\/thelighthouse.lephare\" \/>\n<meta property=\"article:modified_time\" content=\"2025-12-23T20:16:50+00:00\" \/>\n<meta property=\"og:image\" content=\"https:\/\/thelighthouse-lephare.ca\/wp-content\/uploads\/2024\/01\/Natalie-1638-scaled.jpg\" \/>\n\t<meta property=\"og:image:width\" content=\"2560\" \/>\n\t<meta property=\"og:image:height\" content=\"1704\" \/>\n\t<meta property=\"og:image:type\" content=\"image\/jpeg\" \/>\n<meta name=\"twitter:card\" content=\"summary_large_image\" \/>\n<meta name=\"twitter:label1\" content=\"Dur\u00e9e de lecture estim\u00e9e\" \/>\n\t<meta name=\"twitter:data1\" content=\"11 minutes\" \/>\n<script type=\"application\/ld+json\" class=\"yoast-schema-graph\">{\"@context\":\"https:\\\/\\\/schema.org\",\"@graph\":[{\"@type\":\"WebPage\",\"@id\":\"https:\\\/\\\/thelighthouse-lephare.ca\\\/fr\\\/kayla\\\/\",\"url\":\"https:\\\/\\\/thelighthouse-lephare.ca\\\/fr\\\/kayla\\\/\",\"name\":\"Kayla Walsh - The Lighthouse.\",\"isPartOf\":{\"@id\":\"https:\\\/\\\/thelighthouse-lephare.ca\\\/#website\"},\"datePublished\":\"2024-01-03T18:07:52+00:00\",\"dateModified\":\"2025-12-23T20:16:50+00:00\",\"description\":\"Je travaille avec des adultes et j'ai de l'exp\u00e9rience dans l'accompagnement de clients pr\u00e9sentant une vari\u00e9t\u00e9 de probl\u00e8mes, y compris les survivants de traumatismes et d'abus, les personnes faisant face \u00e0 la d\u00e9pression, \u00e0 l'anxi\u00e9t\u00e9, \u00e0 l'usage\\\/abus de substances, au SSPT, au deuil et \u00e0 la perte, ainsi qu'\u00e0 l'estime de soi.\",\"breadcrumb\":{\"@id\":\"https:\\\/\\\/thelighthouse-lephare.ca\\\/fr\\\/kayla\\\/#breadcrumb\"},\"inLanguage\":\"fr-FR\",\"potentialAction\":[{\"@type\":\"ReadAction\",\"target\":[\"https:\\\/\\\/thelighthouse-lephare.ca\\\/fr\\\/kayla\\\/\"]}]},{\"@type\":\"BreadcrumbList\",\"@id\":\"https:\\\/\\\/thelighthouse-lephare.ca\\\/fr\\\/kayla\\\/#breadcrumb\",\"itemListElement\":[{\"@type\":\"ListItem\",\"position\":1,\"name\":\"Home\",\"item\":\"https:\\\/\\\/thelighthouse-lephare.ca\\\/fr\\\/accueil\\\/\"},{\"@type\":\"ListItem\",\"position\":2,\"name\":\"Kayla\"}]},{\"@type\":\"WebSite\",\"@id\":\"https:\\\/\\\/thelighthouse-lephare.ca\\\/#website\",\"url\":\"https:\\\/\\\/thelighthouse-lephare.ca\\\/\",\"name\":\"The Lighthouse-Lephare\",\"description\":\"Counselling and Psychotherapy\",\"publisher\":{\"@id\":\"https:\\\/\\\/thelighthouse-lephare.ca\\\/#organization\"},\"potentialAction\":[{\"@type\":\"SearchAction\",\"target\":{\"@type\":\"EntryPoint\",\"urlTemplate\":\"https:\\\/\\\/thelighthouse-lephare.ca\\\/?s={search_term_string}\"},\"query-input\":{\"@type\":\"PropertyValueSpecification\",\"valueRequired\":true,\"valueName\":\"search_term_string\"}}],\"inLanguage\":\"fr-FR\"},{\"@type\":\"Organization\",\"@id\":\"https:\\\/\\\/thelighthouse-lephare.ca\\\/#organization\",\"name\":\"The Lighthouse-Lephare Counselling and Psychotherapy\",\"alternateName\":\"The Lighthouse-Lephare\",\"url\":\"https:\\\/\\\/thelighthouse-lephare.ca\\\/\",\"logo\":{\"@type\":\"ImageObject\",\"inLanguage\":\"fr-FR\",\"@id\":\"https:\\\/\\\/thelighthouse-lephare.ca\\\/#\\\/schema\\\/logo\\\/image\\\/\",\"url\":\"https:\\\/\\\/thelighthouse-lephare.ca\\\/wp-content\\\/uploads\\\/2024\\\/01\\\/thelighthouse.jpg\",\"contentUrl\":\"https:\\\/\\\/thelighthouse-lephare.ca\\\/wp-content\\\/uploads\\\/2024\\\/01\\\/thelighthouse.jpg\",\"width\":1200,\"height\":799,\"caption\":\"The Lighthouse-Lephare Counselling and Psychotherapy\"},\"image\":{\"@id\":\"https:\\\/\\\/thelighthouse-lephare.ca\\\/#\\\/schema\\\/logo\\\/image\\\/\"},\"sameAs\":[\"https:\\\/\\\/www.facebook.com\\\/thelighthouse.lephare\",\"https:\\\/\\\/www.instagram.com\\\/thelighthouselephare\\\/\"]}]}<\/script>\n<!-- \/ Yoast SEO plugin. -->","yoast_head_json":{"title":"Kayla Walsh - The Lighthouse.","description":"Je travaille avec des adultes et j'ai de l'exp\u00e9rience dans l'accompagnement de clients pr\u00e9sentant une vari\u00e9t\u00e9 de probl\u00e8mes, y compris les survivants de traumatismes et d'abus, les personnes faisant face \u00e0 la d\u00e9pression, \u00e0 l'anxi\u00e9t\u00e9, \u00e0 l'usage\/abus de substances, au SSPT, au deuil et \u00e0 la perte, ainsi qu'\u00e0 l'estime de soi.","robots":{"index":"index","follow":"follow","max-snippet":"max-snippet:-1","max-image-preview":"max-image-preview:large","max-video-preview":"max-video-preview:-1"},"canonical":"https:\/\/thelighthouse-lephare.ca\/fr\/kayla\/","og_locale":"fr_FR","og_type":"article","og_title":"Kayla Walsh - The Lighthouse.","og_description":"Je travaille avec des adultes et j'ai de l'exp\u00e9rience dans l'accompagnement de clients pr\u00e9sentant une vari\u00e9t\u00e9 de probl\u00e8mes, y compris les survivants de traumatismes et d'abus, les personnes faisant face \u00e0 la d\u00e9pression, \u00e0 l'anxi\u00e9t\u00e9, \u00e0 l'usage\/abus de substances, au SSPT, au deuil et \u00e0 la perte, ainsi qu'\u00e0 l'estime de soi.","og_url":"https:\/\/thelighthouse-lephare.ca\/fr\/kayla\/","og_site_name":"The Lighthouse","article_publisher":"https:\/\/www.facebook.com\/thelighthouse.lephare","article_modified_time":"2025-12-23T20:16:50+00:00","og_image":[{"width":2560,"height":1704,"url":"https:\/\/thelighthouse-lephare.ca\/wp-content\/uploads\/2024\/01\/Natalie-1638-scaled.jpg","type":"image\/jpeg"}],"twitter_card":"summary_large_image","twitter_misc":{"Dur\u00e9e de lecture estim\u00e9e":"11 minutes"},"schema":{"@context":"https:\/\/schema.org","@graph":[{"@type":"WebPage","@id":"https:\/\/thelighthouse-lephare.ca\/fr\/kayla\/","url":"https:\/\/thelighthouse-lephare.ca\/fr\/kayla\/","name":"Kayla Walsh - The Lighthouse.","isPartOf":{"@id":"https:\/\/thelighthouse-lephare.ca\/#website"},"datePublished":"2024-01-03T18:07:52+00:00","dateModified":"2025-12-23T20:16:50+00:00","description":"Je travaille avec des adultes et j'ai de l'exp\u00e9rience dans l'accompagnement de clients pr\u00e9sentant une vari\u00e9t\u00e9 de probl\u00e8mes, y compris les survivants de traumatismes et d'abus, les personnes faisant face \u00e0 la d\u00e9pression, \u00e0 l'anxi\u00e9t\u00e9, \u00e0 l'usage\/abus de substances, au SSPT, au deuil et \u00e0 la perte, ainsi qu'\u00e0 l'estime de soi.","breadcrumb":{"@id":"https:\/\/thelighthouse-lephare.ca\/fr\/kayla\/#breadcrumb"},"inLanguage":"fr-FR","potentialAction":[{"@type":"ReadAction","target":["https:\/\/thelighthouse-lephare.ca\/fr\/kayla\/"]}]},{"@type":"BreadcrumbList","@id":"https:\/\/thelighthouse-lephare.ca\/fr\/kayla\/#breadcrumb","itemListElement":[{"@type":"ListItem","position":1,"name":"Home","item":"https:\/\/thelighthouse-lephare.ca\/fr\/accueil\/"},{"@type":"ListItem","position":2,"name":"Kayla"}]},{"@type":"WebSite","@id":"https:\/\/thelighthouse-lephare.ca\/#website","url":"https:\/\/thelighthouse-lephare.ca\/","name":"The Lighthouse-Lephare","description":"Counselling and Psychotherapy","publisher":{"@id":"https:\/\/thelighthouse-lephare.ca\/#organization"},"potentialAction":[{"@type":"SearchAction","target":{"@type":"EntryPoint","urlTemplate":"https:\/\/thelighthouse-lephare.ca\/?s={search_term_string}"},"query-input":{"@type":"PropertyValueSpecification","valueRequired":true,"valueName":"search_term_string"}}],"inLanguage":"fr-FR"},{"@type":"Organization","@id":"https:\/\/thelighthouse-lephare.ca\/#organization","name":"The Lighthouse-Lephare Counselling and Psychotherapy","alternateName":"The Lighthouse-Lephare","url":"https:\/\/thelighthouse-lephare.ca\/","logo":{"@type":"ImageObject","inLanguage":"fr-FR","@id":"https:\/\/thelighthouse-lephare.ca\/#\/schema\/logo\/image\/","url":"https:\/\/thelighthouse-lephare.ca\/wp-content\/uploads\/2024\/01\/thelighthouse.jpg","contentUrl":"https:\/\/thelighthouse-lephare.ca\/wp-content\/uploads\/2024\/01\/thelighthouse.jpg","width":1200,"height":799,"caption":"The Lighthouse-Lephare Counselling and Psychotherapy"},"image":{"@id":"https:\/\/thelighthouse-lephare.ca\/#\/schema\/logo\/image\/"},"sameAs":["https:\/\/www.facebook.com\/thelighthouse.lephare","https:\/\/www.instagram.com\/thelighthouselephare\/"]}]}},"_links":{"self":[{"href":"https:\/\/thelighthouse-lephare.ca\/fr\/wp-json\/wp\/v2\/pages\/1615","targetHints":{"allow":["GET"]}}],"collection":[{"href":"https:\/\/thelighthouse-lephare.ca\/fr\/wp-json\/wp\/v2\/pages"}],"about":[{"href":"https:\/\/thelighthouse-lephare.ca\/fr\/wp-json\/wp\/v2\/types\/page"}],"author":[{"embeddable":true,"href":"https:\/\/thelighthouse-lephare.ca\/fr\/wp-json\/wp\/v2\/users\/1"}],"replies":[{"embeddable":true,"href":"https:\/\/thelighthouse-lephare.ca\/fr\/wp-json\/wp\/v2\/comments?post=1615"}],"version-history":[{"count":11,"href":"https:\/\/thelighthouse-lephare.ca\/fr\/wp-json\/wp\/v2\/pages\/1615\/revisions"}],"predecessor-version":[{"id":2893,"href":"https:\/\/thelighthouse-lephare.ca\/fr\/wp-json\/wp\/v2\/pages\/1615\/revisions\/2893"}],"wp:attachment":[{"href":"https:\/\/thelighthouse-lephare.ca\/fr\/wp-json\/wp\/v2\/media?parent=1615"}],"curies":[{"name":"wp","href":"https:\/\/api.w.org\/{rel}","templated":true}]}}