{"id":1584,"date":"2024-01-03T17:02:44","date_gmt":"2024-01-03T17:02:44","guid":{"rendered":"https:\/\/staging.thelighthouse-lephare.ca\/natalie\/"},"modified":"2024-11-28T13:49:30","modified_gmt":"2024-11-28T13:49:30","slug":"natalie","status":"publish","type":"page","link":"https:\/\/thelighthouse-lephare.ca\/fr\/natalie\/","title":{"rendered":"Natalie"},"content":{"rendered":"<div class=\"fusion-fullwidth fullwidth-box fusion-builder-row-1 fusion-flex-container has-pattern-background has-mask-background nonhundred-percent-fullwidth non-hundred-percent-height-scrolling gradient-container-1\" style=\"--awb-border-radius-top-left:0px;--awb-border-radius-top-right:0px;--awb-border-radius-bottom-right:0px;--awb-border-radius-bottom-left:0px;--awb-padding-top:80px;--awb-padding-bottom:80px;--awb-background-color:var(--awb-color2);--awb-flex-wrap:wrap;\" ><div class=\"fusion-builder-row fusion-row fusion-flex-align-items-flex-start fusion-flex-justify-content-center fusion-flex-content-wrap\" style=\"max-width:1248px;margin-left: calc(-4% \/ 2 );margin-right: calc(-4% \/ 2 );\"><div class=\"fusion-layout-column fusion_builder_column fusion-builder-column-0 awb-sticky awb-sticky-large fusion_builder_column_1_2 1_2 fusion-flex-column\" style=\"--awb-bg-size:cover;--awb-width-large:50%;--awb-margin-top-large:0px;--awb-spacing-right-large:3.84%;--awb-margin-bottom-large:20px;--awb-spacing-left-large:3.84%;--awb-width-medium:50%;--awb-order-medium:0;--awb-spacing-right-medium:3.84%;--awb-spacing-left-medium:3.84%;--awb-width-small:100%;--awb-order-small:0;--awb-spacing-right-small:1.92%;--awb-spacing-left-small:1.92%;\" data-scroll-devices=\"small-visibility,medium-visibility,large-visibility\"><div class=\"fusion-column-wrapper fusion-column-has-shadow fusion-flex-justify-content-flex-start fusion-content-layout-column\"><div class=\"fusion-image-element \" style=\"--awb-caption-title-font-family:var(--h2_typography-font-family);--awb-caption-title-font-weight:var(--h2_typography-font-weight);--awb-caption-title-font-style:var(--h2_typography-font-style);--awb-caption-title-size:var(--h2_typography-font-size);--awb-caption-title-transform:var(--h2_typography-text-transform);--awb-caption-title-line-height:var(--h2_typography-line-height);--awb-caption-title-letter-spacing:var(--h2_typography-letter-spacing);\"><span class=\" fusion-imageframe imageframe-none imageframe-1 hover-type-none\"><img decoding=\"async\" width=\"540\" height=\"810\" src=\"https:\/\/thelighthouse-lephare.ca\/wp-content\/uploads\/2024\/02\/natalie-1.jpg\" alt class=\"img-responsive wp-image-2514\" srcset=\"https:\/\/thelighthouse-lephare.ca\/wp-content\/uploads\/2024\/02\/natalie-1-200x300.jpg 200w, https:\/\/thelighthouse-lephare.ca\/wp-content\/uploads\/2024\/02\/natalie-1-400x600.jpg 400w, https:\/\/thelighthouse-lephare.ca\/wp-content\/uploads\/2024\/02\/natalie-1.jpg 540w\" sizes=\"(max-width: 640px) 100vw, 540px\" \/><\/span><\/div><\/div><\/div><div class=\"fusion-layout-column fusion_builder_column fusion-builder-column-1 fusion_builder_column_1_2 1_2 fusion-flex-column\" style=\"--awb-bg-size:cover;--awb-width-large:50%;--awb-margin-top-large:0px;--awb-spacing-right-large:3.84%;--awb-margin-bottom-large:20px;--awb-spacing-left-large:3.84%;--awb-width-medium:50%;--awb-order-medium:0;--awb-spacing-right-medium:3.84%;--awb-spacing-left-medium:3.84%;--awb-width-small:100%;--awb-order-small:0;--awb-spacing-right-small:1.92%;--awb-spacing-left-small:1.92%;\"><div class=\"fusion-column-wrapper fusion-column-has-shadow fusion-flex-justify-content-flex-start fusion-content-layout-column\"><div class=\"fusion-title title fusion-title-1 fusion-sep-none fusion-title-text fusion-title-size-two\" style=\"--awb-margin-top-small:10px;--awb-margin-right-small:0px;--awb-margin-bottom-small:10px;--awb-margin-left-small:0px;\"><h2 class=\"fusion-title-heading title-heading-left\" style=\"margin:0;\">Natalie Carri\u00e8re, MA<\/h2><\/div><div class=\"fusion-title title fusion-title-2 fusion-sep-none fusion-title-text fusion-title-size-six\" style=\"--awb-margin-top-small:10px;--awb-margin-right-small:0px;--awb-margin-bottom-small:10px;--awb-margin-left-small:0px;\"><h6 class=\"fusion-title-heading title-heading-left\" style=\"margin:0;\">Psychoth\u00e9rapeute agr\u00e9\u00e9, directeur des services cliniques<\/h6><\/div><div class=\"fusion-text fusion-text-1\" style=\"--awb-content-alignment:left;\"><p>Offre de services en anglais et en fran\u00e7ais<\/p>\n<\/div><div class=\"elegant-dual-button elegant-align-left \"><div class=\"elegant-dual-button-first\"><div ><a class=\"fusion-button button-flat fusion-button-default-size button-default fusion-button-default button-1 fusion-button-default-span fusion-button-default-type\" target=\"_self\" href=\"mailto:natalie@thelighthouse-lephare.ca\"><span class=\"fusion-button-text awb-button__text awb-button__text--default\">Email Me<\/span><\/a><\/div><div class=\"elegant-dual-button-separator elegant-separator-type-string\" style=\"background-color:#ffffff;color:var(--awb-color4);font-family: &#039;Open Sans&#039; ;font-weight: 400;\"><span class=\"elegant-dual-button-separator-text\">OR<\/span><\/div><\/div><div class=\"elegant-dual-button-last\"><div ><a class=\"fusion-button button-flat fusion-button-default-size button-default fusion-button-default button-2 fusion-button-default-span fusion-button-default-type\" target=\"_self\" href=\"tel:6132580880\"><span class=\"fusion-button-text awb-button__text awb-button__text--default\">Call 613-258-0880<\/span><\/a><\/div><\/div><\/div><div class=\"fusion-separator fusion-full-width-sep\" style=\"align-self: center;margin-left: auto;margin-right: auto;margin-top:30px;width:100%;\"><\/div><div class=\"fusion-image-element \" style=\"--awb-caption-title-font-family:var(--h2_typography-font-family);--awb-caption-title-font-weight:var(--h2_typography-font-weight);--awb-caption-title-font-style:var(--h2_typography-font-style);--awb-caption-title-size:var(--h2_typography-font-size);--awb-caption-title-transform:var(--h2_typography-text-transform);--awb-caption-title-line-height:var(--h2_typography-line-height);--awb-caption-title-letter-spacing:var(--h2_typography-letter-spacing);\"><span class=\" fusion-imageframe imageframe-none imageframe-2 hover-type-none\"><a class=\"fusion-no-lightbox\" href=\"https:\/\/www.psychologytoday.com\/profile\/331176\" target=\"_blank\" rel=\"noopener noreferrer\"><img decoding=\"async\" width=\"180\" height=\"58\" src=\"https:\/\/thelighthouse-lephare.ca\/wp-content\/uploads\/2023\/12\/psychologytoday.png\" alt class=\"img-responsive wp-image-1100\" srcset=\"https:\/\/thelighthouse-lephare.ca\/wp-content\/uploads\/2023\/12\/psychologytoday-177x58.png 177w, https:\/\/thelighthouse-lephare.ca\/wp-content\/uploads\/2023\/12\/psychologytoday.png 180w\" sizes=\"(max-width: 180px) 100vw, 180px\" \/><\/a><\/span><\/div><div class=\"fusion-separator fusion-full-width-sep\" style=\"align-self: center;margin-left: auto;margin-right: auto;margin-top:30px;width:100%;\"><\/div><div class=\"fusion-text fusion-text-2\"><p>Ayant quitt\u00e9 la ville pour Kemptville il y a plusieurs ann\u00e9es, je me suis sentie chez moi d\u00e8s mon arriv\u00e9e avec ma famille et j&rsquo;ai eu le plaisir de continuer \u00e0 m&rsquo;enraciner dans cette belle communaut\u00e9.<\/p>\n<p>J&rsquo;ai eu un parcours de vie riche en exp\u00e9riences qui m&rsquo;ont permis de grandir et d&rsquo;\u00e9clairer ma pratique. Bien que je m&rsquo;int\u00e9resse particuli\u00e8rement aux maladies graves et \u00e0 l&rsquo;\u00e9ducation d&rsquo;enfants multiples (jumeaux, tripl\u00e9s, etc.), j&rsquo;ai une exp\u00e9rience clinique vari\u00e9e de l&rsquo;anxi\u00e9t\u00e9, de la d\u00e9pression, des traumatismes, de l&rsquo;infertilit\u00e9 et d&rsquo;autres transitions de la vie, ainsi que des probl\u00e8mes relationnels, pour n&rsquo;en nommer que quelques-uns.<\/p>\n<p>Dans ma pratique, je privil\u00e9gie une approche holistique et int\u00e9grative tenant compte des traumatismes, que j&rsquo;adapte aux besoins individuels de mes clients. Je crois qu&rsquo;il faut s&rsquo;appuyer sur les points forts plut\u00f4t que de se concentrer sur les pathologies ou les diagnostics. Nous travaillons ensemble pour identifier les sch\u00e9mas de comportement et les processus de pens\u00e9e qui ne leur conviennent plus, afin de les aider \u00e0 changer et \u00e0 gu\u00e9rir.<\/p>\n<p>Je suis sensible au fait que les probl\u00e8mes soulev\u00e9s par les clients peuvent souvent avoir une dimension spirituelle et je reste ouverte \u00e0 l&rsquo;id\u00e9e de travailler avec leurs significations personnelles. J&rsquo;aime travailler avec mes clients et je consid\u00e8re que c&rsquo;est un privil\u00e8ge de pouvoir les accompagner dans leur voyage de d\u00e9couverte de soi et de gu\u00e9rison.<\/p>\n<p>Je suis psychoth\u00e9rapeute agr\u00e9\u00e9 par l&rsquo;Ordre des psychoth\u00e9rapeutes agr\u00e9\u00e9s de l&rsquo;Ontario (num\u00e9ro d&rsquo;enregistrement 006521) et je suis membre de la Soci\u00e9t\u00e9 canadienne de psychologie. Je suis titulaire d&rsquo;un master en conseil et spiritualit\u00e9 de l&rsquo;universit\u00e9 Saint-Paul, ainsi que d&rsquo;un master en anthropologie m\u00e9dicale de l&rsquo;universit\u00e9 d&rsquo;Ottawa, o\u00f9 ma th\u00e8se portait sur les exp\u00e9riences des parents d&rsquo;enfants atteints de cancer. Je suis titulaire d&rsquo;un certificat en Mindfulness appliqu\u00e9e de l&rsquo;Universit\u00e9 de Toronto, et je suis un facilitateur form\u00e9 au cours de gestion de la douleur chronique bas\u00e9e sur la Mindfulness<a href=\"https:\/\/neuronovacentre.com\/\" target=\"_blank\" rel=\"noopener\">(MBCPM\u2122)<\/a>. J&rsquo;ai eu la chance d&rsquo;\u00eatre form\u00e9e par le Dr Jackie Gardner-Nix, m\u00e9decin consultant en douleur chronique, d\u00e9partement d&rsquo;anesth\u00e9sie, clinique de la douleur de l&rsquo;h\u00f4pital St Michael et directrice m\u00e9dicale du centre Neurova, ainsi que par son \u00e9quipe.<\/p>\n<p>Ma pratique est \u00e0 la fois fond\u00e9e sur les traumatismes et sur l&rsquo;approche HAES. Je propose des services de conseil individuel et de psychoth\u00e9rapie en anglais et en fran\u00e7ais.<\/p>\n<p>* Pour les clients b\u00e9n\u00e9ficiant d&rsquo;une assurance maladie priv\u00e9e par le biais de Medavie\/Croix Bleue, je propose d\u00e9sormais une option de facturation directe.<\/p>\n<p>** Pour plus d&rsquo;informations sur nos tarifs, nos disponibilit\u00e9s et notre processus th\u00e9rapeutique, veuillez consulter notre <a href=\"https:\/\/thelighthouse-lephare.ca\/fr\/ressources\/\">page FAQ<\/a>.<\/p>\n<\/div><\/div><\/div><\/div><\/div>\n","protected":false},"excerpt":{"rendered":"","protected":false},"author":1,"featured_media":0,"parent":0,"menu_order":0,"comment_status":"closed","ping_status":"closed","template":"100-width.php","meta":{"footnotes":""},"class_list":["post-1584","page","type-page","status-publish","hentry"],"yoast_head":"<!-- This site is optimized with the Yoast SEO plugin v27.4 - https:\/\/yoast.com\/product\/yoast-seo-wordpress\/ -->\n<title>Natalie Carri\u00e8re %sepsitename%%.<\/title>\n<meta name=\"description\" content=\"Je privil\u00e9gie une approche holistique et int\u00e9grative tenant compte des traumatismes, que j&#039;adapte aux besoins individuels de mes clients. Je crois qu&#039;il faut s&#039;appuyer sur les points forts plut\u00f4t que de se concentrer sur les pathologies ou les diagnostics.\" \/>\n<meta name=\"robots\" content=\"index, follow, max-snippet:-1, max-image-preview:large, max-video-preview:-1\" \/>\n<link rel=\"canonical\" href=\"https:\/\/thelighthouse-lephare.ca\/fr\/natalie\/\" \/>\n<meta property=\"og:locale\" content=\"fr_FR\" \/>\n<meta property=\"og:type\" content=\"article\" \/>\n<meta property=\"og:title\" content=\"Natalie Carri\u00e8re %sepsitename%%.\" \/>\n<meta property=\"og:description\" content=\"Je privil\u00e9gie une approche holistique et int\u00e9grative tenant compte des traumatismes, que j&#039;adapte aux besoins individuels de mes clients. Je crois qu&#039;il faut s&#039;appuyer sur les points forts plut\u00f4t que de se concentrer sur les pathologies ou les diagnostics.\" \/>\n<meta property=\"og:url\" content=\"https:\/\/thelighthouse-lephare.ca\/fr\/natalie\/\" \/>\n<meta property=\"og:site_name\" content=\"The Lighthouse\" \/>\n<meta property=\"article:publisher\" content=\"https:\/\/www.facebook.com\/thelighthouse.lephare\" \/>\n<meta property=\"article:modified_time\" content=\"2024-11-28T13:49:30+00:00\" \/>\n<meta property=\"og:image\" content=\"https:\/\/thelighthouse-lephare.ca\/wp-content\/uploads\/2024\/01\/Natalie-1638-scaled.jpg\" \/>\n\t<meta property=\"og:image:width\" content=\"2560\" \/>\n\t<meta property=\"og:image:height\" content=\"1704\" \/>\n\t<meta property=\"og:image:type\" content=\"image\/jpeg\" \/>\n<meta name=\"twitter:card\" content=\"summary_large_image\" \/>\n<meta name=\"twitter:label1\" content=\"Dur\u00e9e de lecture estim\u00e9e\" \/>\n\t<meta name=\"twitter:data1\" content=\"19 minutes\" \/>\n<script type=\"application\/ld+json\" class=\"yoast-schema-graph\">{\"@context\":\"https:\\\/\\\/schema.org\",\"@graph\":[{\"@type\":\"WebPage\",\"@id\":\"https:\\\/\\\/thelighthouse-lephare.ca\\\/fr\\\/natalie\\\/\",\"url\":\"https:\\\/\\\/thelighthouse-lephare.ca\\\/fr\\\/natalie\\\/\",\"name\":\"Natalie Carri\u00e8re %sepsitename%%.\",\"isPartOf\":{\"@id\":\"https:\\\/\\\/thelighthouse-lephare.ca\\\/#website\"},\"datePublished\":\"2024-01-03T17:02:44+00:00\",\"dateModified\":\"2024-11-28T13:49:30+00:00\",\"description\":\"Je privil\u00e9gie une approche holistique et int\u00e9grative tenant compte des traumatismes, que j'adapte aux besoins individuels de mes clients. Je crois qu'il faut s'appuyer sur les points forts plut\u00f4t que de se concentrer sur les pathologies ou les diagnostics.\",\"breadcrumb\":{\"@id\":\"https:\\\/\\\/thelighthouse-lephare.ca\\\/fr\\\/natalie\\\/#breadcrumb\"},\"inLanguage\":\"fr-FR\",\"potentialAction\":[{\"@type\":\"ReadAction\",\"target\":[\"https:\\\/\\\/thelighthouse-lephare.ca\\\/fr\\\/natalie\\\/\"]}]},{\"@type\":\"BreadcrumbList\",\"@id\":\"https:\\\/\\\/thelighthouse-lephare.ca\\\/fr\\\/natalie\\\/#breadcrumb\",\"itemListElement\":[{\"@type\":\"ListItem\",\"position\":1,\"name\":\"Home\",\"item\":\"https:\\\/\\\/thelighthouse-lephare.ca\\\/fr\\\/accueil\\\/\"},{\"@type\":\"ListItem\",\"position\":2,\"name\":\"Natalie\"}]},{\"@type\":\"WebSite\",\"@id\":\"https:\\\/\\\/thelighthouse-lephare.ca\\\/#website\",\"url\":\"https:\\\/\\\/thelighthouse-lephare.ca\\\/\",\"name\":\"The Lighthouse-Lephare\",\"description\":\"Counselling and Psychotherapy\",\"publisher\":{\"@id\":\"https:\\\/\\\/thelighthouse-lephare.ca\\\/#organization\"},\"potentialAction\":[{\"@type\":\"SearchAction\",\"target\":{\"@type\":\"EntryPoint\",\"urlTemplate\":\"https:\\\/\\\/thelighthouse-lephare.ca\\\/?s={search_term_string}\"},\"query-input\":{\"@type\":\"PropertyValueSpecification\",\"valueRequired\":true,\"valueName\":\"search_term_string\"}}],\"inLanguage\":\"fr-FR\"},{\"@type\":\"Organization\",\"@id\":\"https:\\\/\\\/thelighthouse-lephare.ca\\\/#organization\",\"name\":\"The Lighthouse-Lephare Counselling and Psychotherapy\",\"alternateName\":\"The Lighthouse-Lephare\",\"url\":\"https:\\\/\\\/thelighthouse-lephare.ca\\\/\",\"logo\":{\"@type\":\"ImageObject\",\"inLanguage\":\"fr-FR\",\"@id\":\"https:\\\/\\\/thelighthouse-lephare.ca\\\/#\\\/schema\\\/logo\\\/image\\\/\",\"url\":\"https:\\\/\\\/thelighthouse-lephare.ca\\\/wp-content\\\/uploads\\\/2024\\\/01\\\/thelighthouse.jpg\",\"contentUrl\":\"https:\\\/\\\/thelighthouse-lephare.ca\\\/wp-content\\\/uploads\\\/2024\\\/01\\\/thelighthouse.jpg\",\"width\":1200,\"height\":799,\"caption\":\"The Lighthouse-Lephare Counselling and Psychotherapy\"},\"image\":{\"@id\":\"https:\\\/\\\/thelighthouse-lephare.ca\\\/#\\\/schema\\\/logo\\\/image\\\/\"},\"sameAs\":[\"https:\\\/\\\/www.facebook.com\\\/thelighthouse.lephare\",\"https:\\\/\\\/www.instagram.com\\\/thelighthouselephare\\\/\"]}]}<\/script>\n<!-- \/ Yoast SEO plugin. -->","yoast_head_json":{"title":"Natalie Carri\u00e8re %sepsitename%%.","description":"Je privil\u00e9gie une approche holistique et int\u00e9grative tenant compte des traumatismes, que j'adapte aux besoins individuels de mes clients. Je crois qu'il faut s'appuyer sur les points forts plut\u00f4t que de se concentrer sur les pathologies ou les diagnostics.","robots":{"index":"index","follow":"follow","max-snippet":"max-snippet:-1","max-image-preview":"max-image-preview:large","max-video-preview":"max-video-preview:-1"},"canonical":"https:\/\/thelighthouse-lephare.ca\/fr\/natalie\/","og_locale":"fr_FR","og_type":"article","og_title":"Natalie Carri\u00e8re %sepsitename%%.","og_description":"Je privil\u00e9gie une approche holistique et int\u00e9grative tenant compte des traumatismes, que j'adapte aux besoins individuels de mes clients. Je crois qu'il faut s'appuyer sur les points forts plut\u00f4t que de se concentrer sur les pathologies ou les diagnostics.","og_url":"https:\/\/thelighthouse-lephare.ca\/fr\/natalie\/","og_site_name":"The Lighthouse","article_publisher":"https:\/\/www.facebook.com\/thelighthouse.lephare","article_modified_time":"2024-11-28T13:49:30+00:00","og_image":[{"width":2560,"height":1704,"url":"https:\/\/thelighthouse-lephare.ca\/wp-content\/uploads\/2024\/01\/Natalie-1638-scaled.jpg","type":"image\/jpeg"}],"twitter_card":"summary_large_image","twitter_misc":{"Dur\u00e9e de lecture estim\u00e9e":"19 minutes"},"schema":{"@context":"https:\/\/schema.org","@graph":[{"@type":"WebPage","@id":"https:\/\/thelighthouse-lephare.ca\/fr\/natalie\/","url":"https:\/\/thelighthouse-lephare.ca\/fr\/natalie\/","name":"Natalie Carri\u00e8re %sepsitename%%.","isPartOf":{"@id":"https:\/\/thelighthouse-lephare.ca\/#website"},"datePublished":"2024-01-03T17:02:44+00:00","dateModified":"2024-11-28T13:49:30+00:00","description":"Je privil\u00e9gie une approche holistique et int\u00e9grative tenant compte des traumatismes, que j'adapte aux besoins individuels de mes clients. Je crois qu'il faut s'appuyer sur les points forts plut\u00f4t que de se concentrer sur les pathologies ou les diagnostics.","breadcrumb":{"@id":"https:\/\/thelighthouse-lephare.ca\/fr\/natalie\/#breadcrumb"},"inLanguage":"fr-FR","potentialAction":[{"@type":"ReadAction","target":["https:\/\/thelighthouse-lephare.ca\/fr\/natalie\/"]}]},{"@type":"BreadcrumbList","@id":"https:\/\/thelighthouse-lephare.ca\/fr\/natalie\/#breadcrumb","itemListElement":[{"@type":"ListItem","position":1,"name":"Home","item":"https:\/\/thelighthouse-lephare.ca\/fr\/accueil\/"},{"@type":"ListItem","position":2,"name":"Natalie"}]},{"@type":"WebSite","@id":"https:\/\/thelighthouse-lephare.ca\/#website","url":"https:\/\/thelighthouse-lephare.ca\/","name":"The Lighthouse-Lephare","description":"Counselling and Psychotherapy","publisher":{"@id":"https:\/\/thelighthouse-lephare.ca\/#organization"},"potentialAction":[{"@type":"SearchAction","target":{"@type":"EntryPoint","urlTemplate":"https:\/\/thelighthouse-lephare.ca\/?s={search_term_string}"},"query-input":{"@type":"PropertyValueSpecification","valueRequired":true,"valueName":"search_term_string"}}],"inLanguage":"fr-FR"},{"@type":"Organization","@id":"https:\/\/thelighthouse-lephare.ca\/#organization","name":"The Lighthouse-Lephare Counselling and Psychotherapy","alternateName":"The Lighthouse-Lephare","url":"https:\/\/thelighthouse-lephare.ca\/","logo":{"@type":"ImageObject","inLanguage":"fr-FR","@id":"https:\/\/thelighthouse-lephare.ca\/#\/schema\/logo\/image\/","url":"https:\/\/thelighthouse-lephare.ca\/wp-content\/uploads\/2024\/01\/thelighthouse.jpg","contentUrl":"https:\/\/thelighthouse-lephare.ca\/wp-content\/uploads\/2024\/01\/thelighthouse.jpg","width":1200,"height":799,"caption":"The Lighthouse-Lephare Counselling and Psychotherapy"},"image":{"@id":"https:\/\/thelighthouse-lephare.ca\/#\/schema\/logo\/image\/"},"sameAs":["https:\/\/www.facebook.com\/thelighthouse.lephare","https:\/\/www.instagram.com\/thelighthouselephare\/"]}]}},"_links":{"self":[{"href":"https:\/\/thelighthouse-lephare.ca\/fr\/wp-json\/wp\/v2\/pages\/1584","targetHints":{"allow":["GET"]}}],"collection":[{"href":"https:\/\/thelighthouse-lephare.ca\/fr\/wp-json\/wp\/v2\/pages"}],"about":[{"href":"https:\/\/thelighthouse-lephare.ca\/fr\/wp-json\/wp\/v2\/types\/page"}],"author":[{"embeddable":true,"href":"https:\/\/thelighthouse-lephare.ca\/fr\/wp-json\/wp\/v2\/users\/1"}],"replies":[{"embeddable":true,"href":"https:\/\/thelighthouse-lephare.ca\/fr\/wp-json\/wp\/v2\/comments?post=1584"}],"version-history":[{"count":12,"href":"https:\/\/thelighthouse-lephare.ca\/fr\/wp-json\/wp\/v2\/pages\/1584\/revisions"}],"predecessor-version":[{"id":2499,"href":"https:\/\/thelighthouse-lephare.ca\/fr\/wp-json\/wp\/v2\/pages\/1584\/revisions\/2499"}],"wp:attachment":[{"href":"https:\/\/thelighthouse-lephare.ca\/fr\/wp-json\/wp\/v2\/media?parent=1584"}],"curies":[{"name":"wp","href":"https:\/\/api.w.org\/{rel}","templated":true}]}}